{"id":2718,"date":"2025-09-09T13:15:06","date_gmt":"2025-09-09T11:15:06","guid":{"rendered":"https:\/\/www.worldenergy.ch\/?page_id=2718"},"modified":"2025-11-27T17:59:01","modified_gmt":"2025-11-27T15:59:01","slug":"organe","status":"publish","type":"page","link":"https:\/\/www.worldenergy.ch\/en\/ueber-uns\/organe\/","title":{"rendered":"Organe"},"content":{"rendered":"<h1>Organe<\/h1>\n<ul>\n<li>\n<p>        <img decoding=\"async\" src=\"\/wp-content\/uploads\/2025\/09\/wec-daniela-decurtins.jpg\" alt=\"\"><\/p>\n<h3>Daniela Decurtins<\/h3>\n<p>Direktorin des Verbands der Schweizerischen Gasindustrie (VSG)<\/p>\n<div>\n<p>Pr\u00e4sidentin<\/p>\n<\/div>\n<p><a href=\"https:\/\/www.linkedin.com\/in\/daniela-decurtins-11806b14\/\">LinkedIn<\/a><\/p>\n<\/li>\n<li>\n<p>        <img decoding=\"async\" src=\"\/wp-content\/uploads\/2025\/09\/wec-michael-frank-web.jpg\" alt=\"\"><\/p>\n<h3>Michael Frank<\/h3>\n<p>Direktor Verband Schweizerischer Elektrizit\u00e4tsunternehmen (VSE)<\/p>\n<div>Vize-Pr\u00e4sident<\/div>\n<p><a href=\"https:\/\/www.linkedin.com\/in\/michael-frank-820b9bb\/\">LinkedIn<\/a><\/p>\n<\/li>\n<li>\n<p>        <img decoding=\"async\" src=\"\/wp-content\/uploads\/2025\/09\/wec-thomas-schmidt-web.jpg\" alt=\"\"><\/p>\n<h3>Prof. Dr. Thomas Justus Schmidt<\/h3>\n<p>Direktionsmitglied PSI, Leiter PSI Center for Energy and Environmental Sciences, Paul Scherrer Institut<\/p>\n<div>Vorstandsmitglied<\/div>\n<p><a href=\"https:\/\/www.linkedin.com\/in\/thomas-j-schmidt-6371375\/\">LinkedIn<\/a><\/p>\n<\/li>\n<li>\n<p>        <img decoding=\"async\" src=\"\/wp-content\/uploads\/2025\/09\/wec-roland-bilang-web.jpg\" alt=\"\"><\/p>\n<h3>Dr. Roland Bilang<\/h3>\n<p>Gesch\u00e4ftsf\u00fchrer bei Avenergy Suisse<\/p>\n<div>Vorstandsmitglied<\/div>\n<p><a href=\"https:\/\/www.linkedin.com\/in\/roland-bilang-53752022\/\">LinkedIn<\/a><\/p>\n<\/li>\n<li>\n<p>        <img decoding=\"async\" src=\"\/wp-content\/uploads\/2025\/09\/wec-lukas-gisiger-web.jpg\" alt=\"\"><\/p>\n<h3>Lukas Gisiger<\/h3>\n<p>Relationship Manager Multinationals , UBS Switzerland AG<\/p>\n<div>Vorstandsmitglied<\/div>\n<p><a href=\"https:\/\/www.linkedin.com\/in\/lukas-gisiger-b3a384105\/\">LinkedIn<\/a><\/p>\n<\/li>\n<li>\n<p>        <img decoding=\"async\" src=\"\/wp-content\/uploads\/2025\/09\/wec-fabrice-billard-web.jpg\" alt=\"\"><\/p>\n<h3>Fabrice Billard<\/h3>\n<p>CEO, Burckhardt Compression AG<\/p>\n<div>Vorstandsmitglied<\/div>\n<p><a href=\"https:\/\/www.linkedin.com\/in\/fabrice-billard-35124b\/\">LinkedIn<\/a><\/p>\n<\/li>\n<li>\n<p>        <img decoding=\"async\" src=\"\/wp-content\/uploads\/2025\/09\/wec-renato-marioni-web.jpg\" alt=\"\"><\/p>\n<h3>Renato Marioni<\/h3>\n<p>Direktor, Ernst &#038; Young AG<\/p>\n<div>Vereinskoordination<\/div>\n<p><a href=\"https:\/\/www.linkedin.com\/in\/renato-marioni-b110b711\/\">LinkedIn<\/a><\/p>\n<\/li>\n<li>\n<p>        <img decoding=\"async\" src=\"\/wp-content\/uploads\/2025\/10\/wec-susanne-neubauer-web.jpg\" alt=\"\"><\/p>\n<h3>Susanne Neubauer<\/h3>\n<p>Senior Manager, Ernst &#038; Young AG<\/p>\n<div>Vereinskoordination<\/div>\n<p><a href=\"https:\/\/www.linkedin.com\/in\/susanne-neubauer-2021\/\">LinkedIn<\/a><\/p>\n<\/li>\n<li>\n<p>        <img decoding=\"async\" src=\"\/wp-content\/uploads\/2025\/09\/wec-atiba-portrait.jpg\" alt=\"\"><\/p>\n<h3>ATIBA Revision GmbH<\/h3>\n<p>Ittigen<\/p>\n<div>Revisionsstelle<\/div>\n<p><a href=\"https:\/\/www.linkedin.com\/company\/atiba-ag\/\">LinkedIn<\/a><\/p>\n<\/li>\n<\/ul>\n<h2>Vertretene Verb\u00e4nde und Organisationen<\/h2>\n<ul>\n<li>\n<p>        <img decoding=\"async\" src=\"\/wp-content\/uploads\/2025\/09\/logo_gazenergie.svg\" alt=\"\"><\/p>\n<h3>GAZ Energie<\/h3>\n<p><a href=\"https:\/\/gazenergie.ch\"><\/a><\/p>\n<\/li>\n<li>\n<p>        <img decoding=\"async\" src=\"\/wp-content\/uploads\/2025\/09\/logo-vse.svg\" alt=\"\"><\/p>\n<h3>VSE<\/h3>\n<p><a href=\"https:\/\/www.strom.ch\"><\/a><\/p>\n<\/li>\n<li>\n<p>        <img decoding=\"async\" src=\"\/wp-content\/uploads\/2025\/09\/logo-psi.png\" alt=\"\"><\/p>\n<h3>PSI<\/h3>\n<p><a href=\"https:\/\/www.psi.ch\"><\/a><\/p>\n<\/li>\n<li>\n<p>        <img decoding=\"async\" src=\"\/wp-content\/uploads\/2025\/09\/logo-avenergy.jpg\" alt=\"\"><\/p>\n<h3>AVENERGY SUISSE<\/h3>\n<p><a href=\"https:\/\/avenergy.ch\/\"><\/a><\/p>\n<\/li>\n<li>\n<p>        <img decoding=\"async\" src=\"\/wp-content\/uploads\/2025\/09\/logo-ubs.svg\" alt=\"\"><\/p>\n<h3>UBS AG<\/h3>\n<p><a href=\"https:\/\/www.ubs.com\"><\/a><\/p>\n<\/li>\n<li>\n<p>        <img decoding=\"async\" src=\"\/wp-content\/uploads\/2025\/09\/logo-burckhardt.png\" alt=\"\"><\/p>\n<h3>Burckhart<\/h3>\n<p><a href=\"https:\/\/www.burckhardtcompression.com\"><\/a><\/p>\n<\/li>\n<li>\n<p>        <img decoding=\"async\" src=\"\/wp-content\/uploads\/2025\/09\/logo-ey.png\" alt=\"\"><\/p>\n<h3>Ernst &#038; Young<\/h3>\n<p><a href=\"https:\/\/www.ey.com\"><\/a><\/p>\n<\/li>\n<li>\n<p>        <img decoding=\"async\" src=\"\/wp-content\/uploads\/2025\/09\/logo-atiba.jpg\" alt=\"\"><\/p>\n<h3>Atiba<\/h3>\n<p><a href=\"https:\/\/www.atiba-ag.ch\"><\/a><\/p>\n<\/li>\n<\/ul>\n<p><!--more--><br \/>\n<!-- {\"type\":\"layout\",\"children\":[{\"type\":\"section\",\"props\":{\"animation\":\"fade\",\"image_position\":\"center-center\",\"padding\":\"large\",\"padding_remove_bottom\":false,\"style\":\"default\",\"title_breakpoint\":\"xl\",\"title_position\":\"top-left\",\"title_rotation\":\"left\",\"vertical_align\":\"\",\"width\":\"\"},\"children\":[{\"type\":\"row\",\"children\":[{\"type\":\"column\",\"props\":{\"image_position\":\"center-center\",\"position_sticky_breakpoint\":\"m\"},\"children\":[{\"type\":\"headline\",\"props\":{\"animation\":\"none\",\"content\":\"Organe\",\"text_align\":\"left\",\"title_element\":\"h1\",\"title_style\":\"heading-small\"}}]}],\"props\":{\"margin_remove_top\":true,\"width\":\"large\"}},{\"type\":\"row\",\"props\":{\"width\":\"large\"},\"children\":[{\"type\":\"column\",\"props\":{\"image_position\":\"center-center\",\"position_sticky_breakpoint\":\"m\"},\"children\":[{\"type\":\"grid\",\"props\":{\"content_column_breakpoint\":\"m\",\"content_style\":\"text-lead\",\"filter\":true,\"filter_align\":\"left\",\"filter_all\":true,\"filter_all_label\":\"Alle\",\"filter_animation\":\"delayed-fade\",\"filter_grid_breakpoint\":\"m\",\"filter_grid_width\":\"auto\",\"filter_order\":\"manual\",\"filter_order_manual\":\"Alle, Pr\\u00e4sidentin, Vize-Pr\\u00e4sident, Vorstandsmitglieder, Vereinskoordination, Revisionsstelle\",\"filter_position\":\"top\",\"filter_reverse\":false,\"filter_style\":\"tab\",\"grid_default\":\"1\",\"grid_large\":\"4\",\"grid_medium\":\"\",\"grid_small\":\"2\",\"icon_width\":80,\"image_align\":\"top\",\"image_grid_breakpoint\":\"m\",\"image_grid_width\":\"1-2\",\"image_svg_color\":\"emphasis\",\"image_width\":600,\"item_animation\":true,\"lightbox_bg_close\":true,\"link_style\":\"\",\"link_target\":true,\"link_text\":\"LinkedIn\",\"margin\":\"default\",\"meta_align\":\"below-content\",\"meta_element\":\"div\",\"meta_style\":\"\",\"panel_image_no_padding\":true,\"panel_link\":true,\"panel_padding\":\"default\",\"panel_style\":\"card-default\",\"show_content\":true,\"show_hover_image\":true,\"show_hover_video\":true,\"show_image\":true,\"show_link\":true,\"show_meta\":true,\"show_title\":true,\"show_video\":true,\"title_align\":\"top\",\"title_element\":\"h3\",\"title_grid_breakpoint\":\"m\",\"title_grid_width\":\"1-2\",\"title_hover_style\":\"reset\"},\"children\":[{\"type\":\"grid_item\",\"props\":{\"content\":\"\n\n<p>Pr\\u00e4sidentin<\\\/p>\",\"image\":\"wp-content\\\/uploads\\\/2025\\\/09\\\/wec-daniela-decurtins.jpg\",\"link\":\"https:\\\/\\\/www.linkedin.com\\\/in\\\/daniela-decurtins-11806b14\\\/\",\"meta\":\"Direktorin des Verbands der Schweizerischen Gasindustrie (VSG)\",\"tags\":\"Pr\\u00e4sidentin\",\"title\":\"Daniela Decurtins\"}},{\"type\":\"grid_item\",\"props\":{\"content\":\"Vize-Pr\\u00e4sident\",\"icon\":\"\",\"image\":\"wp-content\\\/uploads\\\/2025\\\/09\\\/wec-michael-frank-web.jpg\",\"link\":\"https:\\\/\\\/www.linkedin.com\\\/in\\\/michael-frank-820b9bb\\\/\",\"meta\":\"Direktor Verband Schweizerischer Elektrizit\\u00e4tsunternehmen (VSE)\",\"tags\":\"Vize-Pr\\u00e4sident\",\"title\":\"Michael Frank\"}},{\"type\":\"grid_item\",\"props\":{\"content\":\"Vorstandsmitglied\",\"image\":\"wp-content\\\/uploads\\\/2025\\\/09\\\/wec-thomas-schmidt-web.jpg\",\"link\":\"https:\\\/\\\/www.linkedin.com\\\/in\\\/thomas-j-schmidt-6371375\\\/\",\"meta\":\"Direktionsmitglied PSI, Leiter PSI Center for Energy and Environmental Sciences, Paul Scherrer Institut\",\"tags\":\"Vorstandsmitglieder\",\"title\":\"Prof. Dr. Thomas Justus Schmidt\"}},{\"type\":\"grid_item\",\"props\":{\"content\":\"Vorstandsmitglied\",\"image\":\"wp-content\\\/uploads\\\/2025\\\/09\\\/wec-roland-bilang-web.jpg\",\"link\":\"https:\\\/\\\/www.linkedin.com\\\/in\\\/roland-bilang-53752022\\\/\",\"meta\":\"Gesch\\u00e4ftsf\\u00fchrer bei Avenergy Suisse\",\"tags\":\"Vorstandsmitglieder\",\"title\":\"Dr. Roland Bilang\"}},{\"type\":\"grid_item\",\"props\":{\"content\":\"Vorstandsmitglied\",\"image\":\"wp-content\\\/uploads\\\/2025\\\/09\\\/wec-lukas-gisiger-web.jpg\",\"link\":\"https:\\\/\\\/www.linkedin.com\\\/in\\\/lukas-gisiger-b3a384105\\\/\",\"meta\":\"Relationship Manager Multinationals , UBS Switzerland AG\",\"tags\":\"Vorstandsmitglieder\",\"title\":\"Lukas Gisiger\"}},{\"type\":\"grid_item\",\"props\":{\"content\":\"Vorstandsmitglied\",\"image\":\"wp-content\\\/uploads\\\/2025\\\/09\\\/wec-fabrice-billard-web.jpg\",\"link\":\"https:\\\/\\\/www.linkedin.com\\\/in\\\/fabrice-billard-35124b\\\/\",\"meta\":\"CEO, Burckhardt Compression AG\",\"tags\":\"Vorstandsmitglieder\",\"title\":\"Fabrice Billard\"}},{\"type\":\"grid_item\",\"props\":{\"content\":\"Vereinskoordination\",\"image\":\"wp-content\\\/uploads\\\/2025\\\/09\\\/wec-renato-marioni-web.jpg\",\"link\":\"https:\\\/\\\/www.linkedin.com\\\/in\\\/renato-marioni-b110b711\\\/\",\"meta\":\"Direktor, Ernst & Young AG\",\"tags\":\"Vereinskoordination\",\"title\":\"Renato Marioni\"}},{\"type\":\"grid_item\",\"props\":{\"content\":\"Vereinskoordination\",\"image\":\"wp-content\\\/uploads\\\/2025\\\/10\\\/wec-susanne-neubauer-web.jpg\",\"link\":\"https:\\\/\\\/www.linkedin.com\\\/in\\\/susanne-neubauer-2021\\\/\",\"meta\":\"Senior Manager, Ernst & Young AG\",\"tags\":\"Vereinskoordination\",\"title\":\"Susanne Neubauer\"}},{\"type\":\"grid_item\",\"props\":{\"content\":\"Revisionsstelle\",\"image\":\"wp-content\\\/uploads\\\/2025\\\/09\\\/wec-atiba-portrait.jpg\",\"link\":\"https:\\\/\\\/www.linkedin.com\\\/company\\\/atiba-ag\\\/\",\"meta\":\"Ittigen\",\"tags\":\"Revisionsstelle\",\"title\":\"ATIBA Revision GmbH\"}}]}]}]}],\"name\":\"Benefits\"},{\"type\":\"section\",\"props\":{\"animation\":\"fade\",\"image_position\":\"center-center\",\"padding\":\"large\",\"padding_remove_bottom\":false,\"padding_remove_top\":true,\"style\":\"default\",\"title_breakpoint\":\"xl\",\"title_position\":\"top-left\",\"title_rotation\":\"left\",\"vertical_align\":\"\",\"width\":\"\"},\"children\":[{\"type\":\"row\",\"children\":[{\"type\":\"column\",\"props\":{\"image_position\":\"center-center\",\"position_sticky_breakpoint\":\"m\"},\"children\":[{\"type\":\"headline\",\"props\":{\"animation\":\"none\",\"content\":\"Vertretene Verb\\u00e4nde und Organisationen\",\"text_align\":\"left\",\"title_element\":\"h2\",\"title_style\":\"heading-small\"}}]}],\"props\":{\"margin_remove_top\":true,\"width\":\"large\"}},{\"type\":\"row\",\"props\":{\"width\":\"large\"},\"children\":[{\"type\":\"column\",\"props\":{\"image_position\":\"center-center\",\"position_sticky_breakpoint\":\"m\"},\"children\":[{\"type\":\"grid\",\"props\":{\"animation\":\"none\",\"content_column_breakpoint\":\"m\",\"filter_align\":\"left\",\"filter_all\":true,\"filter_grid_breakpoint\":\"m\",\"filter_grid_width\":\"auto\",\"filter_position\":\"top\",\"filter_style\":\"tab\",\"grid_column_align\":false,\"grid_default\":\"1\",\"grid_large\":\"4\",\"grid_medium\":\"\",\"grid_parallax_justify\":false,\"grid_row_align\":true,\"grid_small\":\"2\",\"icon_width\":80,\"image_align\":\"top\",\"image_grid_breakpoint\":\"m\",\"image_grid_width\":\"1-2\",\"image_height\":100,\"image_svg_color\":\"\",\"image_svg_inline\":false,\"item_animation\":true,\"lightbox_bg_close\":true,\"link_style\":\"default\",\"link_target\":true,\"link_text\":\"\",\"margin\":\"default\",\"meta_align\":\"below-title\",\"meta_element\":\"div\",\"meta_style\":\"text-meta\",\"panel_image_no_padding\":false,\"panel_link\":true,\"panel_padding\":\"default\",\"panel_style\":\"card-default\",\"parallax_easing\":\"1\",\"show_content\":true,\"show_hover_image\":true,\"show_hover_video\":true,\"show_image\":true,\"show_link\":true,\"show_meta\":true,\"show_title\":false,\"show_video\":true,\"text_align\":\"center\",\"title_align\":\"top\",\"title_element\":\"h3\",\"title_grid_breakpoint\":\"m\",\"title_grid_width\":\"1-2\",\"title_hover_style\":\"reset\"},\"children\":[{\"type\":\"grid_item\",\"props\":{\"image\":\"wp-content\\\/uploads\\\/2025\\\/09\\\/logo_gazenergie.svg\",\"link\":\"https:\\\/\\\/gazenergie.ch\",\"title\":\"GAZ Energie\"}},{\"type\":\"grid_item\",\"props\":{\"image\":\"wp-content\\\/uploads\\\/2025\\\/09\\\/logo-vse.svg\",\"link\":\"https:\\\/\\\/www.strom.ch\",\"title\":\"VSE\"}},{\"type\":\"grid_item\",\"props\":{\"image\":\"wp-content\\\/uploads\\\/2025\\\/09\\\/logo-psi.png\",\"link\":\"https:\\\/\\\/www.psi.ch\",\"title\":\"PSI\"}},{\"type\":\"grid_item\",\"props\":{\"image\":\"wp-content\\\/uploads\\\/2025\\\/09\\\/logo-avenergy.jpg\",\"link\":\"https:\\\/\\\/avenergy.ch\\\/\",\"title\":\"AVENERGY SUISSE\"}},{\"type\":\"grid_item\",\"props\":{\"image\":\"wp-content\\\/uploads\\\/2025\\\/09\\\/logo-ubs.svg\",\"link\":\"https:\\\/\\\/www.ubs.com\",\"title\":\"UBS AG\"}},{\"type\":\"grid_item\",\"props\":{\"image\":\"wp-content\\\/uploads\\\/2025\\\/09\\\/logo-burckhardt.png\",\"link\":\"https:\\\/\\\/www.burckhardtcompression.com\",\"title\":\"Burckhart\"}},{\"type\":\"grid_item\",\"props\":{\"image\":\"wp-content\\\/uploads\\\/2025\\\/09\\\/logo-ey.png\",\"link\":\"https:\\\/\\\/www.ey.com\",\"title\":\"Ernst & Young\"}},{\"type\":\"grid_item\",\"props\":{\"image\":\"wp-content\\\/uploads\\\/2025\\\/09\\\/logo-atiba.jpg\",\"link\":\"https:\\\/\\\/www.atiba-ag.ch\",\"title\":\"Atiba\"}}]}]}]}],\"name\":\"Verb\\u00e4nde & Organisationen\"}],\"version\":\"4.5.32\",\"yooessentialsVersion\":\"2.4.11\"} --><\/p>\n","protected":false},"excerpt":{"rendered":"<p>Organe Daniela Decurtins Direktorin des Verbands der Schweizerischen Gasindustrie (VSG) Pr\u00e4sidentin LinkedIn Michael Frank Direktor Verband Schweizerischer Elektrizit\u00e4tsunternehmen (VSE) Vize-Pr\u00e4sident LinkedIn Prof. Dr. Thomas Justus Schmidt Direktionsmitglied PSI, Leiter PSI Center for Energy and Environmental Sciences, Paul Scherrer Institut Vorstandsmitglied LinkedIn Dr. Roland Bilang Gesch\u00e4ftsf\u00fchrer bei Avenergy Suisse Vorstandsmitglied LinkedIn Lukas Gisiger Relationship Manager Multinationals [&hellip;]<\/p>\n","protected":false},"author":1,"featured_media":0,"parent":4,"menu_order":0,"comment_status":"closed","ping_status":"closed","template":"","meta":{"_acf_changed":false,"iawp_total_views":90,"footnotes":""},"class_list":["post-2718","page","type-page","status-publish","hentry"],"acf":[],"_links":{"self":[{"href":"https:\/\/www.worldenergy.ch\/en\/wp-json\/wp\/v2\/pages\/2718","targetHints":{"allow":["GET"]}}],"collection":[{"href":"https:\/\/www.worldenergy.ch\/en\/wp-json\/wp\/v2\/pages"}],"about":[{"href":"https:\/\/www.worldenergy.ch\/en\/wp-json\/wp\/v2\/types\/page"}],"author":[{"embeddable":true,"href":"https:\/\/www.worldenergy.ch\/en\/wp-json\/wp\/v2\/users\/1"}],"replies":[{"embeddable":true,"href":"https:\/\/www.worldenergy.ch\/en\/wp-json\/wp\/v2\/comments?post=2718"}],"version-history":[{"count":29,"href":"https:\/\/www.worldenergy.ch\/en\/wp-json\/wp\/v2\/pages\/2718\/revisions"}],"predecessor-version":[{"id":3430,"href":"https:\/\/www.worldenergy.ch\/en\/wp-json\/wp\/v2\/pages\/2718\/revisions\/3430"}],"up":[{"embeddable":true,"href":"https:\/\/www.worldenergy.ch\/en\/wp-json\/wp\/v2\/pages\/4"}],"wp:attachment":[{"href":"https:\/\/www.worldenergy.ch\/en\/wp-json\/wp\/v2\/media?parent=2718"}],"curies":[{"name":"wp","href":"https:\/\/api.w.org\/{rel}","templated":true}]}}