{"id":2741,"date":"2025-09-09T15:24:51","date_gmt":"2025-09-09T13:24:51","guid":{"rendered":"https:\/\/www.worldenergy.ch\/?page_id=2741"},"modified":"2025-09-30T11:49:29","modified_gmt":"2025-09-30T09:49:29","slug":"events","status":"publish","type":"page","link":"https:\/\/www.worldenergy.ch\/en\/events\/","title":{"rendered":"Events"},"content":{"rendered":"<h1>Events<\/h1>\n<div>\n<p><span>Das WEC Switzerland organisiert pro Jahr rund 3-4 Mitgliederveranstaltungen, zu welchen externe Fachexperten Inputreferate geben, welche anschliessend konstruktiv diskutiert werden. Zus\u00e4tzlich wird die j\u00e4hrliche Generalversammlung mittels Inputreferaten inhaltlich erg\u00e4nzt.<\/span><\/p>\n<\/div>\n<div>\n<p>Bei Fragen melden Sie sich gern unter: <a href=\"mailto:info@worldenergy.ch\">info@worldenergy.ch<\/a><\/p>\n<\/div>\n<div>\n<\/div>\n<p><!--more--><br \/>\n<!-- {\"type\":\"layout\",\"children\":[{\"type\":\"section\",\"props\":{\"animation\":\"fade\",\"animation_delay\":false,\"image_position\":\"bottom-left\",\"image_size\":\"width-1-1\",\"image_width\":\"2560\",\"media_blend_mode\":\"overlay\",\"media_overlay_gradient\":\"linear-gradient(180deg, rgba(255,255,255,1) 0%, rgba(255,255,255,0.2) 15%, rgba(255,255,255,0) 100%);\",\"padding\":\"large\",\"padding_remove_top\":false,\"style\":\"default\",\"title_breakpoint\":\"xl\",\"title_position\":\"top-left\",\"title_rotation\":\"left\",\"vertical_align\":\"\",\"width\":\"large\"},\"children\":[{\"type\":\"row\",\"props\":{\"column_gap\":\"large\",\"layout\":\"1-3,2-3\"},\"children\":[{\"type\":\"column\",\"props\":{\"image_position\":\"center-center\",\"position_sticky_breakpoint\":\"m\",\"width_medium\":\"1-3\"},\"children\":[{\"type\":\"headline\",\"props\":{\"content\":\"Events\",\"title_element\":\"h1\",\"title_style\":\"heading-small\"}},{\"type\":\"text\",\"props\":{\"column_breakpoint\":\"m\",\"content\":\"\n\n<p><span>Das WEC Switzerland organisiert pro Jahr rund 3-4 Mitgliederveranstaltungen, zu welchen externe Fachexperten Inputreferate geben, welche anschliessend konstruktiv diskutiert werden. Zus\\u00e4tzlich wird die j\\u00e4hrliche Generalversammlung mittels Inputreferaten inhaltlich erg\\u00e4nzt.<\\\/span><\\\/p>\",\"margin\":\"default\"}},{\"type\":\"text\",\"props\":{\"column_breakpoint\":\"m\",\"content\":\"\n\n<p>Bei Fragen melden Sie sich gern unter: <a href=\\\"mailto:info@worldenergy.ch\\\">info@worldenergy.ch<\\\/a><\\\/p>\",\"margin\":\"default\"}}]},{\"type\":\"column\",\"props\":{\"image_position\":\"center-center\",\"position_sticky_breakpoint\":\"m\",\"width_medium\":\"2-3\"},\"children\":[{\"type\":\"grid\",\"props\":{\"content_column_breakpoint\":\"m\",\"filter_align\":\"left\",\"filter_all\":true,\"filter_grid_breakpoint\":\"m\",\"filter_grid_width\":\"auto\",\"filter_position\":\"top\",\"filter_style\":\"tab\",\"grid_column_gap\":\"small\",\"grid_default\":\"1\",\"grid_medium\":\"\",\"grid_row_gap\":\"small\",\"grid_xlarge\":\"2\",\"icon_width\":80,\"image_align\":\"top\",\"image_grid_breakpoint\":\"m\",\"image_grid_width\":\"1-2\",\"image_link\":true,\"image_svg_color\":\"emphasis\",\"image_transition\":\"scale-down\",\"image_width\":\"610\",\"item_animation\":true,\"lightbox_bg_close\":true,\"link_style\":\"default\",\"link_text\":\"\",\"margin\":\"remove-vertical\",\"meta_align\":\"above-title\",\"meta_color\":\"primary\",\"meta_element\":\"div\",\"meta_style\":\"h5\",\"panel_image_no_padding\":true,\"panel_link\":true,\"panel_padding\":\"default\",\"panel_style\":\"card-default\",\"parallax_easing\":\"1\",\"show_content\":true,\"show_hover_image\":true,\"show_hover_video\":true,\"show_image\":true,\"show_link\":true,\"show_meta\":true,\"show_title\":true,\"show_video\":true,\"title_align\":\"top\",\"title_element\":\"h3\",\"title_grid_breakpoint\":\"m\",\"title_grid_width\":\"1-2\",\"title_hover_style\":\"reset\",\"title_link\":true,\"title_style\":\"h3\"},\"children\":[{\"type\":\"grid_item\",\"props\":{\"item_element\":\"article\"},\"source\":{\"query\":{\"name\":\"events.customEvents\",\"arguments\":{\"terms\":[69],\"event_kategorie_operator\":\"IN\",\"users\":[],\"users_operator\":\"IN\",\"offset\":0,\"limit\":2,\"order\":\"date\",\"order_direction\":\"DESC\"}},\"props\":{\"title\":{\"name\":\"title\"},\"meta\":{\"filters\":{\"date\":\"\"},\"name\":\"field.datum\"},\"content\":{\"name\":\"excerpt\"},\"link\":{\"name\":\"link\"},\"image\":{\"name\":\"featuredImage.url\"}}}}],\"name\":\"WEC - Event Grid\"}]}]}],\"name\":\"WEC - Home Events\"}],\"version\":\"4.5.28\"} --><\/p>\n","protected":false},"excerpt":{"rendered":"<p>Events Das WEC Switzerland organisiert pro Jahr rund 3-4 Mitgliederveranstaltungen, zu welchen externe Fachexperten Inputreferate geben, welche anschliessend konstruktiv diskutiert werden. Zus\u00e4tzlich wird die j\u00e4hrliche Generalversammlung mittels Inputreferaten inhaltlich erg\u00e4nzt. Bei Fragen melden Sie sich gern unter: info@worldenergy.ch<\/p>\n","protected":false},"author":1,"featured_media":0,"parent":0,"menu_order":0,"comment_status":"closed","ping_status":"closed","template":"","meta":{"_acf_changed":false,"iawp_total_views":110,"footnotes":""},"class_list":["post-2741","page","type-page","status-publish","hentry"],"acf":[],"_links":{"self":[{"href":"https:\/\/www.worldenergy.ch\/en\/wp-json\/wp\/v2\/pages\/2741","targetHints":{"allow":["GET"]}}],"collection":[{"href":"https:\/\/www.worldenergy.ch\/en\/wp-json\/wp\/v2\/pages"}],"about":[{"href":"https:\/\/www.worldenergy.ch\/en\/wp-json\/wp\/v2\/types\/page"}],"author":[{"embeddable":true,"href":"https:\/\/www.worldenergy.ch\/en\/wp-json\/wp\/v2\/users\/1"}],"replies":[{"embeddable":true,"href":"https:\/\/www.worldenergy.ch\/en\/wp-json\/wp\/v2\/comments?post=2741"}],"version-history":[{"count":10,"href":"https:\/\/www.worldenergy.ch\/en\/wp-json\/wp\/v2\/pages\/2741\/revisions"}],"predecessor-version":[{"id":3115,"href":"https:\/\/www.worldenergy.ch\/en\/wp-json\/wp\/v2\/pages\/2741\/revisions\/3115"}],"wp:attachment":[{"href":"https:\/\/www.worldenergy.ch\/en\/wp-json\/wp\/v2\/media?parent=2741"}],"curies":[{"name":"wp","href":"https:\/\/api.w.org\/{rel}","templated":true}]}}