{"id":2813,"date":"2025-09-10T00:10:44","date_gmt":"2025-09-09T22:10:44","guid":{"rendered":"https:\/\/www.worldenergy.ch\/?page_id=2813"},"modified":"2025-09-10T01:37:00","modified_gmt":"2025-09-09T23:37:00","slug":"mitglieder","status":"publish","type":"page","link":"https:\/\/www.worldenergy.ch\/en\/ueber-uns\/mitglieder\/","title":{"rendered":"Mitglieder"},"content":{"rendered":"<h1>Mitglieder<\/h1>\n<div>Die Mitgliedschaft steht juristischen Personen offen, die sich zu Ziel und Zweck des Schweizerischen Energierates bekennen. Als Einzelmitglieder werden nat\u00fcrliche Personen in Anerkennung ihres Wirkens im Interesse der Zielsetzungen des Vereins aufgenommen.<\/div>\n<div>(Aus Datenschutzgr\u00fcnden werden nur Daten der Kollektiv Mitglieder ver\u00f6ffentlicht)<\/div>\n<ul>\n<li>\n<p>\n        <a href=\"\/wp-content\/uploads\/2025\/09\/WEC_Switzerland-20250909_Mitgliederliste.pdf\">Mitgliederliste<\/a>\n    <\/p>\n<\/li>\n<li>\n<p>\n        <a href=\"\/mitgliederbereich\/mitglied-werden\/\">Mitglied werden<\/a>\n    <\/p>\n<\/li>\n<\/ul>\n<p><!--more--><br \/>\n<!-- {\"type\":\"layout\",\"children\":[{\"type\":\"section\",\"props\":{\"animation\":\"fade\",\"image_position\":\"center-center\",\"padding\":\"large\",\"padding_remove_bottom\":false,\"style\":\"default\",\"title_breakpoint\":\"xl\",\"title_position\":\"top-left\",\"title_rotation\":\"left\",\"vertical_align\":\"\",\"width\":\"large\"},\"children\":[{\"type\":\"row\",\"props\":{\"column_gap\":\"large\",\"layout\":\"1-3,2-3\"},\"children\":[{\"type\":\"column\",\"props\":{\"image_position\":\"center-center\",\"position_sticky_breakpoint\":\"m\",\"width_medium\":\"1-3\",\"width_xlarge\":\"1-3\"},\"children\":[{\"type\":\"headline\",\"props\":{\"content\":\"Mitglieder\",\"title_element\":\"h1\",\"title_style\":\"heading-small\"}}]},{\"type\":\"column\",\"props\":{\"image_position\":\"center-center\",\"position_sticky_breakpoint\":\"m\",\"width_medium\":\"2-3\",\"width_xlarge\":\"2-3\"},\"children\":[{\"type\":\"text\",\"props\":{\"column_breakpoint\":\"m\",\"content\":\"Die Mitgliedschaft steht juristischen Personen offen, die sich zu Ziel und Zweck des Schweizerischen Energierates bekennen. Als Einzelmitglieder werden nat\\u00fcrliche Personen in Anerkennung ihres Wirkens im Interesse der Zielsetzungen des Vereins aufgenommen.\",\"margin\":\"default\",\"maxwidth\":\"2xlarge\",\"maxwidth_breakpoint\":\"l\",\"text_style\":\"lead\"}},{\"type\":\"text\",\"props\":{\"column_breakpoint\":\"m\",\"content\":\"(Aus Datenschutzgr\\u00fcnden werden nur Daten der Kollektiv Mitglieder ver\\u00f6ffentlicht)\",\"margin\":\"default\"}},{\"type\":\"button\",\"props\":{\"animation\":\"slide-bottom-small\",\"grid_column_gap\":\"small\",\"grid_row_gap\":\"small\",\"margin\":\"medium\"},\"children\":[{\"type\":\"button_item\",\"props\":{\"button_style\":\"primary\",\"content\":\"Mitgliederliste\",\"dialog_layout\":\"modal\",\"dialog_offcanvas_flip\":true,\"icon\":\"cloud-download\",\"icon_align\":\"left\",\"link\":\"wp-content\\\/uploads\\\/2025\\\/09\\\/WEC_Switzerland-20250909_Mitgliederliste.pdf\",\"link_target\":\"blank\",\"link_title\":\"Mitgliederliste herunterladen\"}},{\"type\":\"button_item\",\"props\":{\"button_style\":\"danger\",\"content\":\"Mitglied werden\",\"dialog_layout\":\"modal\",\"dialog_offcanvas_flip\":true,\"icon_align\":\"left\",\"link\":\"mitgliederbereich\\\/mitglied-werden\\\/\",\"link_title\":\"WEC Mitglied werden\"}}]}]}]}],\"name\":\"WEC - Home Intro\"}],\"version\":\"4.5.25\"} --><\/p>\n","protected":false},"excerpt":{"rendered":"<p>Mitglieder Die Mitgliedschaft steht juristischen Personen offen, die sich zu Ziel und Zweck des Schweizerischen Energierates bekennen. Als Einzelmitglieder werden nat\u00fcrliche Personen in Anerkennung ihres Wirkens im Interesse der Zielsetzungen des Vereins aufgenommen. (Aus Datenschutzgr\u00fcnden werden nur Daten der Kollektiv Mitglieder ver\u00f6ffentlicht) Mitgliederliste Mitglied werden<\/p>\n","protected":false},"author":1,"featured_media":0,"parent":4,"menu_order":0,"comment_status":"closed","ping_status":"closed","template":"","meta":{"_acf_changed":false,"iawp_total_views":56,"footnotes":""},"class_list":["post-2813","page","type-page","status-publish","hentry"],"acf":[],"_links":{"self":[{"href":"https:\/\/www.worldenergy.ch\/en\/wp-json\/wp\/v2\/pages\/2813","targetHints":{"allow":["GET"]}}],"collection":[{"href":"https:\/\/www.worldenergy.ch\/en\/wp-json\/wp\/v2\/pages"}],"about":[{"href":"https:\/\/www.worldenergy.ch\/en\/wp-json\/wp\/v2\/types\/page"}],"author":[{"embeddable":true,"href":"https:\/\/www.worldenergy.ch\/en\/wp-json\/wp\/v2\/users\/1"}],"replies":[{"embeddable":true,"href":"https:\/\/www.worldenergy.ch\/en\/wp-json\/wp\/v2\/comments?post=2813"}],"version-history":[{"count":10,"href":"https:\/\/www.worldenergy.ch\/en\/wp-json\/wp\/v2\/pages\/2813\/revisions"}],"predecessor-version":[{"id":2868,"href":"https:\/\/www.worldenergy.ch\/en\/wp-json\/wp\/v2\/pages\/2813\/revisions\/2868"}],"up":[{"embeddable":true,"href":"https:\/\/www.worldenergy.ch\/en\/wp-json\/wp\/v2\/pages\/4"}],"wp:attachment":[{"href":"https:\/\/www.worldenergy.ch\/en\/wp-json\/wp\/v2\/media?parent=2813"}],"curies":[{"name":"wp","href":"https:\/\/api.w.org\/{rel}","templated":true}]}}