{"id":2913,"date":"2025-09-11T16:21:47","date_gmt":"2025-09-11T14:21:47","guid":{"rendered":"https:\/\/www.worldenergy.ch\/?page_id=2913"},"modified":"2025-09-30T09:25:30","modified_gmt":"2025-09-30T07:25:30","slug":"world-energy-issues-monitor","status":"publish","type":"page","link":"https:\/\/www.worldenergy.ch\/en\/publikationen\/wec-international\/world-energy-issues-monitor\/","title":{"rendered":"World Energy Issues Monitor"},"content":{"rendered":"<h1>World Energy Issues Monitor<\/h1>\n<div>\n<p>WORLD ENERGY PULSE 2022<\/p>\n<\/div>\n<div>\n<p>Nach der ersten Umfrage im April 2022 wurden jetzt die Umfrageergebnisse vom August 2022 ver\u00f6ffentlicht. Weiterhin leidet die Welt unter den Auswirkungen globaler Energieschocks, die durch das Zusammentreffen mehrerer Krisen ausgel\u00f6st wurden: Klimawandel, COVID und Konflikte.<\/p>\n<p>Das Zusammenspiel dieser verschiedenen Krisen hat kaskadenartige und ungleiche Auswirkungen auf die Energieversorgung, die auf allen Ebenen der Gesellschaft zu sp\u00fcren sind. Die Antworten der f\u00fchrenden Politiker auf diese Krisen spiegeln unterschiedliche Erfahrungen und Erwartungen wider.<\/p>\n<p>Im Juli 2022 befragte der Weltenergierat fast 600 F\u00fchrungskr\u00e4fte aus der gesamten globalen Energiegemeinschaft, um die anhaltenden Auswirkungen mehrerer globaler Krisen auf das Tempo der Energiewende zu bewerten. Die Umfrage zeigt\u00a0auf, wie sich die Wahrnehmungen unter den globalen Energief\u00fchrern seit der letzten Umfrage des Rates im April ver\u00e4ndert haben. Die wichtigsten Ergebnisse zeigen.<\/p>\n<ul>\n<li>43 % nehmen global eine Fragmentierung in den Strategien zur Energietransformation dar<\/li>\n<li>In Nordamerika, dem Nahen Osten und den Golfstaaten, wo die\u00a0Versorgungssicherheit nicht direkt von den aktuellen Krisen betroffen ist, hat Nachhaltigkeit nach wie vor die h\u00f6chste Priorit\u00e4t vor der Leistbarkeit<\/li>\n<li>In Europa wird ein \u00c4nderung in der Energiepolitik\u00a0beobachtet,\u00a0bei\u00a0der der Energiesicherheit Priorit\u00e4t \u00fcber Leistbarkeit und Nachhaltigkeit einger\u00e4umt wird<\/li>\n<li>Fast 40 % der Befragten gaben an, dass insbesondere politische Entscheidungstr\u00e4ger ihr Verst\u00e4ndnis von Energiesystemen\u00a0verbessern m\u00fcssen.<\/li>\n<li>Die Befragten meinen, dass es weltweit keine Bottom-up- oder verbraucherorientierten Leadership-Modelle gibt sowie kaum bis keine Anzeichen vorliegen, dass solche Modelle in den jeweiligen L\u00e4ndern entstehen<\/li>\n<\/ul>\n<p>Der World Energy Pulse Survey &#8211; August 2022 ist unter folgendem<span>\u00a0<\/span><a href=\"https:\/\/www.worldenergy.org\/world-energy-pulse-2022?_cldee=90Al2JWjhGarfMQQTlDyvGuUOmvYfMu77UhU391l_0KG5bAjsTPiZTgwpifNUdOV&amp;recipientid=contact-1cd7d4682fb2e61180c300155d0511bf-8b60ba7ef7d94196abaf4192e9caf632&amp;esid=a69da564-3d22-ed11-9db2-6045bd0e7d7b\" target=\"_blank\" rel=\"noopener\">Link\u00a0<\/a>abrufbar.\u00a0<\/p>\n<\/div>\n<hr>\n<div>\n<p>Das WEC stellt mit dem \u201eWorld Energy Issues Monitor\u201c ein Instrument zur Verf\u00fcgung, mit welchem die wichtigsten energie- und klimapolitischen Themen erfasst und strategisch eingeordnet werden k\u00f6nnen. Er erscheint j\u00e4hrlich und versteht sich als Hilfsinstrument f\u00fcr die Regierungen der einzelnen Staaten und ihre Energiewirtschaft, indem er das \u00abEnergietrilemma\u00bb auf globale, regionale und auch schweizerische Ebene herunterbricht und die Entwicklung \u00fcber die Jahre aufzeigt.<\/p>\n<\/div>\n<hr>\n<h2>World Energy Issues Monitor 2021<\/h2>\n<div>\n<p>Der World Energy Issues Monitor 2021 ist nicht wie jeder andere. Vor dem Hintergrund der Krise, die durch die anhaltende COVID-19-Pandemie ausgel\u00f6st wurde, f\u00fchrte die durchgef\u00fchrte Umfrage unter mehr als 2 500 f\u00fchrenden Energiepolitikern aus 108 L\u00e4ndern zu einer Neuausrichtung der Energiewende-Agenda.<\/p>\n<\/div>\n<div>\n<p>        <img decoding=\"async\" src=\"\/wp-content\/uploads\/2025\/09\/World-Energy_Issue-Monitor-2021.jpeg\" alt=\"\"><\/p>\n<div>\n<p><span>Die Ergebnisse des letzten Jahres sind\u00a0<\/span>hier<span> einsehbar:<\/span><\/p>\n<\/p>\n<\/div>\n<p><a href=\"\/wp-content\/uploads\/2025\/09\/Issues_Monitor_2021-final.pdf\">Herunterladen<\/a><\/p>\n<\/div>\n<hr>\n<h2>World Energy Council Transition Toolkit<\/h2>\n<div>\n<p>Das Toolkit wurde entwickelt, um \u00fcber eine Studie \u00fcber den Energiewandel hinauszugehen und unseren Mitgliedern und breiteren Interessengruppen zu helfen, diesen \u00dcbergang besser zu bew\u00e4ltigen und die damit verbundenen M\u00f6glichkeiten zu nutzen. Die Werkzeuge selbst k\u00f6nnen einzeln und in Kombination genutzt werden, um sich zu treffen, sich zu engagieren und neue Formen des gemeinsamen Handelns und der Innovation zu katalysieren.<\/p>\n<p>Das Energy Transition Toolkit kann verwendet werden, um einen qualitativ hochwertigen Dialog mit einer Vielzahl von Energievertretern entlang der gesamten Wertsch\u00f6pfungskette zu f\u00fchren, indem Experimente und Zukunftsdenken gef\u00f6rdert und nachhaltige \u00dcberg\u00e4nge erm\u00f6glicht werden.<\/p>\n<\/div>\n<p><p>\n        <a href=\"\/wp-content\/uploads\/2025\/09\/World-Energy-Council-Energy-Transition-Toolkit-User-Guide.pdf\">Toolkit herunterladen<\/a>\n    <\/p>\n<\/p>\n<p><!--more--><br \/>\n<!-- {\"type\":\"layout\",\"children\":[{\"type\":\"section\",\"props\":{\"animation\":\"fade\",\"image_position\":\"center-center\",\"padding\":\"large\",\"padding_remove_bottom\":false,\"style\":\"default\",\"title_breakpoint\":\"xl\",\"title_position\":\"top-left\",\"title_rotation\":\"left\",\"vertical_align\":\"\",\"width\":\"large\"},\"children\":[{\"type\":\"row\",\"props\":{\"column_gap\":\"large\",\"layout\":\"1-3,2-3\"},\"children\":[{\"type\":\"column\",\"props\":{\"image_position\":\"center-center\",\"position_sticky_breakpoint\":\"m\",\"width_medium\":\"1-3\",\"width_xlarge\":\"1-3\"},\"children\":[{\"type\":\"module\",\"props\":{\"menu_image_align\":\"center\",\"menu_image_margin\":true,\"menu_style\":\"primary\",\"menu_type\":\"nav\",\"position_left\":\"0\",\"type\":\"nav_menu\",\"widget\":\"nav_menu-2\"},\"name\":\"WEC - SideNav\"}]},{\"type\":\"column\",\"props\":{\"image_position\":\"center-center\",\"position_sticky_breakpoint\":\"m\",\"width_medium\":\"2-3\",\"width_xlarge\":\"2-3\"},\"children\":[{\"type\":\"headline\",\"props\":{\"content\":\"World Energy Issues Monitor\",\"title_element\":\"h1\",\"title_style\":\"heading-small\"}},{\"type\":\"text\",\"props\":{\"column_breakpoint\":\"m\",\"content\":\"\n\n<p>WORLD ENERGY PULSE 2022<\\\/p>\",\"margin\":\"default\",\"maxwidth\":\"2xlarge\",\"maxwidth_breakpoint\":\"l\",\"text_style\":\"lead\"}},{\"type\":\"text\",\"props\":{\"column_breakpoint\":\"m\",\"content\":\"\n\n<p>Nach der ersten Umfrage im April 2022 wurden jetzt die Umfrageergebnisse vom August 2022 ver\\u00f6ffentlicht. Weiterhin leidet die Welt unter den Auswirkungen globaler Energieschocks, die durch das Zusammentreffen mehrerer Krisen ausgel\\u00f6st wurden: Klimawandel, COVID und Konflikte.<\\\/p>\\n\n\n<p>Das Zusammenspiel dieser verschiedenen Krisen hat kaskadenartige und ungleiche Auswirkungen auf die Energieversorgung, die auf allen Ebenen der Gesellschaft zu sp\\u00fcren sind. Die Antworten der f\\u00fchrenden Politiker auf diese Krisen spiegeln unterschiedliche Erfahrungen und Erwartungen wider.<\\\/p>\\n\n\n<p>Im Juli 2022 befragte der Weltenergierat fast 600 F\\u00fchrungskr\\u00e4fte aus der gesamten globalen Energiegemeinschaft, um die anhaltenden Auswirkungen mehrerer globaler Krisen auf das Tempo der Energiewende zu bewerten. Die Umfrage zeigt\\u00a0auf, wie sich die Wahrnehmungen unter den globalen Energief\\u00fchrern seit der letzten Umfrage des Rates im April ver\\u00e4ndert haben. Die wichtigsten Ergebnisse zeigen.<\\\/p>\\n\n\n<ul>\\n\n\n<li>43 % nehmen global eine Fragmentierung in den Strategien zur Energietransformation dar<\\\/li>\\n\n\n<li>In Nordamerika, dem Nahen Osten und den Golfstaaten, wo die\\u00a0Versorgungssicherheit nicht direkt von den aktuellen Krisen betroffen ist, hat Nachhaltigkeit nach wie vor die h\\u00f6chste Priorit\\u00e4t vor der Leistbarkeit<\\\/li>\\n\n\n<li>In Europa wird ein \\u00c4nderung in der Energiepolitik\\u00a0beobachtet,\\u00a0bei\\u00a0der der Energiesicherheit Priorit\\u00e4t \\u00fcber Leistbarkeit und Nachhaltigkeit einger\\u00e4umt wird<\\\/li>\\n\n\n<li>Fast 40 % der Befragten gaben an, dass insbesondere politische Entscheidungstr\\u00e4ger ihr Verst\\u00e4ndnis von Energiesystemen\\u00a0verbessern m\\u00fcssen.<\\\/li>\\n\n\n<li>Die Befragten meinen, dass es weltweit keine Bottom-up- oder verbraucherorientierten Leadership-Modelle gibt sowie kaum bis keine Anzeichen vorliegen, dass solche Modelle in den jeweiligen L\\u00e4ndern entstehen<\\\/li>\\n<\\\/ul>\\n\n\n<p>Der World Energy Pulse Survey - August 2022 ist unter folgendem<span>\\u00a0<\\\/span><a href=\\\"https:\\\/\\\/www.worldenergy.org\\\/world-energy-pulse-2022?_cldee=90Al2JWjhGarfMQQTlDyvGuUOmvYfMu77UhU391l_0KG5bAjsTPiZTgwpifNUdOV&amp;recipientid=contact-1cd7d4682fb2e61180c300155d0511bf-8b60ba7ef7d94196abaf4192e9caf632&amp;esid=a69da564-3d22-ed11-9db2-6045bd0e7d7b\\\" target=\\\"_blank\\\" rel=\\\"noopener\\\">Link\\u00a0<\\\/a>abrufbar.\\u00a0<\\\/p>\",\"margin\":\"default\",\"maxwidth\":\"2xlarge\",\"maxwidth_breakpoint\":\"l\"}},{\"type\":\"divider\",\"props\":{\"divider_element\":\"hr\"}},{\"type\":\"text\",\"props\":{\"column_breakpoint\":\"m\",\"content\":\"\n\n<p>Das WEC stellt mit dem \\u201eWorld Energy Issues Monitor\\u201c ein Instrument zur Verf\\u00fcgung, mit welchem die wichtigsten energie- und klimapolitischen Themen erfasst und strategisch eingeordnet werden k\\u00f6nnen. Er erscheint j\\u00e4hrlich und versteht sich als Hilfsinstrument f\\u00fcr die Regierungen der einzelnen Staaten und ihre Energiewirtschaft, indem er das \\u00abEnergietrilemma\\u00bb auf globale, regionale und auch schweizerische Ebene herunterbricht und die Entwicklung \\u00fcber die Jahre aufzeigt.<\\\/p>\",\"margin\":\"default\",\"maxwidth\":\"2xlarge\",\"maxwidth_breakpoint\":\"l\"}},{\"type\":\"divider\",\"props\":{\"divider_element\":\"hr\"}},{\"type\":\"headline\",\"props\":{\"content\":\"World Energy Issues Monitor 2021\",\"title_element\":\"h2\",\"title_style\":\"h2\"}},{\"type\":\"text\",\"props\":{\"column_breakpoint\":\"m\",\"content\":\"\n\n<p>Der World Energy Issues Monitor 2021 ist nicht wie jeder andere. Vor dem Hintergrund der Krise, die durch die anhaltende COVID-19-Pandemie ausgel\\u00f6st wurde, f\\u00fchrte die durchgef\\u00fchrte Umfrage unter mehr als 2 500 f\\u00fchrenden Energiepolitikern aus 108 L\\u00e4ndern zu einer Neuausrichtung der Energiewende-Agenda.<\\\/p>\",\"margin\":\"default\",\"maxwidth\":\"2xlarge\",\"maxwidth_breakpoint\":\"l\"}},{\"type\":\"panel\",\"props\":{\"content\":\"\n\n<p><span>Die Ergebnisse des letzten Jahres sind\\u00a0<\\\/span>hier<span> einsehbar:<\\\/span><\\\/p>\\n\n\n<p><\\\/p>\",\"content_column_breakpoint\":\"m\",\"icon_width\":80,\"image\":\"wp-content\\\/uploads\\\/2025\\\/09\\\/World-Energy_Issue-Monitor-2021.jpeg\",\"image_align\":\"left\",\"image_grid_breakpoint\":\"m\",\"image_grid_width\":\"1-5\",\"image_svg_color\":\"emphasis\",\"link\":\"wp-content\\\/uploads\\\/2025\\\/09\\\/Issues_Monitor_2021-final.pdf\",\"link_style\":\"primary\",\"link_target\":true,\"link_text\":\"Herunterladen\",\"margin\":\"default\",\"meta_align\":\"below-title\",\"meta_element\":\"div\",\"meta_style\":\"text-meta\",\"panel_image_no_padding\":true,\"panel_padding\":\"default\",\"panel_style\":\"card-default\",\"title_align\":\"top\",\"title_element\":\"h3\",\"title_grid_breakpoint\":\"m\",\"title_grid_width\":\"1-2\",\"title_hover_style\":\"reset\"}},{\"type\":\"divider\",\"props\":{\"divider_element\":\"hr\"}},{\"type\":\"headline\",\"props\":{\"content\":\"World Energy Council Transition Toolkit\",\"title_element\":\"h2\",\"title_style\":\"h2\"}},{\"type\":\"text\",\"props\":{\"column_breakpoint\":\"m\",\"content\":\"\n\n<p>Das Toolkit wurde entwickelt, um \\u00fcber eine Studie \\u00fcber den Energiewandel hinauszugehen und unseren Mitgliedern und breiteren Interessengruppen zu helfen, diesen \\u00dcbergang besser zu bew\\u00e4ltigen und die damit verbundenen M\\u00f6glichkeiten zu nutzen. Die Werkzeuge selbst k\\u00f6nnen einzeln und in Kombination genutzt werden, um sich zu treffen, sich zu engagieren und neue Formen des gemeinsamen Handelns und der Innovation zu katalysieren.<\\\/p>\\n\n\n<p>Das Energy Transition Toolkit kann verwendet werden, um einen qualitativ hochwertigen Dialog mit einer Vielzahl von Energievertretern entlang der gesamten Wertsch\\u00f6pfungskette zu f\\u00fchren, indem Experimente und Zukunftsdenken gef\\u00f6rdert und nachhaltige \\u00dcberg\\u00e4nge erm\\u00f6glicht werden.<\\\/p>\",\"margin\":\"default\",\"maxwidth\":\"2xlarge\",\"maxwidth_breakpoint\":\"l\"}},{\"type\":\"button\",\"props\":{\"grid_column_gap\":\"small\",\"grid_row_gap\":\"small\",\"margin\":\"default\"},\"children\":[{\"type\":\"button_item\",\"props\":{\"button_style\":\"primary\",\"content\":\"Toolkit herunterladen\",\"dialog_layout\":\"modal\",\"dialog_offcanvas_flip\":true,\"icon\":\"cloud-download\",\"icon_align\":\"left\",\"link\":\"wp-content\\\/uploads\\\/2025\\\/09\\\/World-Energy-Council-Energy-Transition-Toolkit-User-Guide.pdf\"}}]}]}]}],\"name\":\"WEC - Home Intro\"}],\"version\":\"4.5.28\"} --><\/p>\n","protected":false},"excerpt":{"rendered":"<p>World Energy Issues Monitor WORLD ENERGY PULSE 2022 Nach der ersten Umfrage im April 2022 wurden jetzt die Umfrageergebnisse vom August 2022 ver\u00f6ffentlicht. Weiterhin leidet die Welt unter den Auswirkungen globaler Energieschocks, die durch das Zusammentreffen mehrerer Krisen ausgel\u00f6st wurden: Klimawandel, COVID und Konflikte. Das Zusammenspiel dieser verschiedenen Krisen hat kaskadenartige und ungleiche Auswirkungen auf [&hellip;]<\/p>\n","protected":false},"author":1,"featured_media":0,"parent":2909,"menu_order":0,"comment_status":"closed","ping_status":"closed","template":"","meta":{"_acf_changed":false,"iawp_total_views":3,"footnotes":""},"class_list":["post-2913","page","type-page","status-publish","hentry"],"acf":[],"_links":{"self":[{"href":"https:\/\/www.worldenergy.ch\/en\/wp-json\/wp\/v2\/pages\/2913","targetHints":{"allow":["GET"]}}],"collection":[{"href":"https:\/\/www.worldenergy.ch\/en\/wp-json\/wp\/v2\/pages"}],"about":[{"href":"https:\/\/www.worldenergy.ch\/en\/wp-json\/wp\/v2\/types\/page"}],"author":[{"embeddable":true,"href":"https:\/\/www.worldenergy.ch\/en\/wp-json\/wp\/v2\/users\/1"}],"replies":[{"embeddable":true,"href":"https:\/\/www.worldenergy.ch\/en\/wp-json\/wp\/v2\/comments?post=2913"}],"version-history":[{"count":9,"href":"https:\/\/www.worldenergy.ch\/en\/wp-json\/wp\/v2\/pages\/2913\/revisions"}],"predecessor-version":[{"id":3054,"href":"https:\/\/www.worldenergy.ch\/en\/wp-json\/wp\/v2\/pages\/2913\/revisions\/3054"}],"up":[{"embeddable":true,"href":"https:\/\/www.worldenergy.ch\/en\/wp-json\/wp\/v2\/pages\/2909"}],"wp:attachment":[{"href":"https:\/\/www.worldenergy.ch\/en\/wp-json\/wp\/v2\/media?parent=2913"}],"curies":[{"name":"wp","href":"https:\/\/api.w.org\/{rel}","templated":true}]}}