{"id":2944,"date":"2025-09-11T16:51:16","date_gmt":"2025-09-11T14:51:16","guid":{"rendered":"https:\/\/www.worldenergy.ch\/?page_id=2944"},"modified":"2025-09-11T17:48:53","modified_gmt":"2025-09-11T15:48:53","slug":"aktuell-diskutierte-studien","status":"publish","type":"page","link":"https:\/\/www.worldenergy.ch\/en\/publikationen\/aktuell-diskutierte-studien\/","title":{"rendered":"Aktuell diskutierte Studien"},"content":{"rendered":"<h1>Aktuell diskutierte Studien<\/h1>\n<ul>\n<li>\n<h3>Wege in die Energie- und Klimazukunft der Schweiz<\/h3>\n<div>\n<p><span>Mit dem neuen Stromgesetz hat die Schweiz ehrgeizige Ziele f\u00fcr den Ausbau erneuerbarer Energien bis 2050 festgelegt. Doch wie wirken sich diese Vorgaben auf Versorgungssicherheit und Klimaneutralit\u00e4t aus? Die Studie \u00abEnergiezukunft 2050\u00bb und ihr aktuelles Update analysieren, welche Optionen f\u00fcr den Umbau des Energiesystems bestehen, welche Herausforderungen vor allem im Winter zu meistern sind und welche politischen Weichen jetzt entscheidend sind.<\/span><\/p>\n<\/div>\n<p><a href=\"https:\/\/www.strom.ch\/de\/energiezukunft-2050\/startseite\">Mehr erfahren<\/a><\/p>\n<\/li>\n<li>\n<h3>PSI Energie-Kompass<\/h3>\n<div>\n<p>Orientierung f\u00fcr die Energiewende<\/p>\n<p>Eine Publikation des PSI-Labors f\u00fcr Energiesystemanalyse. F\u00fcr Entscheidungstragende und alle, die mehr \u00fcber Energie erfahren m\u00f6chten. Jede Ausgabe enth\u00e4lt eine Analyse eines aktuellen Themas im Energiebereich.<\/p>\n<\/div>\n<p><a href=\"https:\/\/www.psi.ch\/de\/news\/psi-energie-kompass\">Mehr erfahren<\/a><\/p>\n<\/li>\n<li>\n<h3>L\u00e4ndervergleich 2024: Schweiz bei Solar- und Windstrom weiter im Hinterfeld<\/h3>\n<div>\n<p><span>Die Stromproduktion aus Sonne und Wind hat in der Schweiz 2024 einen neuen H\u00f6chstwert erreicht \u2013 doch im europ\u00e4ischen Vergleich reicht es nur f\u00fcr Rang 22.<\/span><\/p>\n<p><span>W\u00e4hrend L\u00e4nder wie Schweden, D\u00e4nemark, die Niederlande und Spanien pro Kopf ein Mehrfaches an erneuerbarem Strom erzeugen, bleibt die Schweiz im unteren Drittel der Rangliste.<\/span><\/p>\n<p><span>Das zeigt die aktuelle Studie der Schweizerischen Energie-Stiftung, die j\u00e4hrlich die Pro-Kopf-Produktion von Solar- und Windenergie in der Schweiz und der EU vergleicht.<\/span><\/p>\n<\/div>\n<p><a href=\"https:\/\/energiestiftung.ch\/studie\/laendervergleich_2024\">Mehr erfahren<\/a><\/p>\n<\/li>\n<li>\n<h3>Stresstests f\u00fcr das Schweizer Stromsystem<\/h3>\n<div>\n<p><span>Wie robust ist die Stromversorgung der Schweiz, wenn Gas- und Stromimporte pl\u00f6tzlich stark einbrechen? Forschende der ETH Z\u00fcrich und der ZHAW Winterthur haben in einer neuen Studie verschiedene Szenarien f\u00fcr das k\u00fcnftige Energiesystem simuliert.<\/span><\/p>\n<p><span>Ziel ist es, aufzuzeigen, welche Strategien und Strukturen die\u00a0 Versorgungssicherheit auch in Krisenzeiten gew\u00e4hrleisten k\u00f6nnen.<\/span><\/p>\n<\/div>\n<p><a href=\"https:\/\/ethz.ch\/de\/news-und-veranstaltungen\/eth-news\/news\/2025\/01\/stresstests-fuer-das-schweizer-stromsystem.html\">Mehr erfahren<\/a><\/p>\n<\/li>\n<\/ul>\n<div>\n<p><i>Disclaimer:<\/i><\/p>\n<p><i>Die hier dargestellte Studien wurde durch Dritte und ohne Mitwirkung des World Energy Council erstellt. Es besteht nicht die Erwartung, dass sie ganz oder teilweise den Ansichten des World Energy Council entspricht. Dennoch sind darin Aspekte enthalten, welche aktuell in der \u00d6ffentlichkeit oder Fachwelt diskutiert werden und somit einen Beitrag zur Gesamtdiskussion leisten.<\/i><\/p>\n<\/div>\n<p><!--more--><br \/>\n<!-- {\"type\":\"layout\",\"children\":[{\"type\":\"section\",\"props\":{\"animation\":\"fade\",\"animation_delay\":false,\"image_position\":\"bottom-left\",\"image_size\":\"width-1-1\",\"image_width\":\"2560\",\"media_blend_mode\":\"overlay\",\"media_overlay_gradient\":\"linear-gradient(180deg, rgba(255,255,255,1) 0%, rgba(255,255,255,0.2) 15%, rgba(255,255,255,0) 100%);\",\"padding\":\"large\",\"padding_remove_top\":false,\"style\":\"default\",\"title_breakpoint\":\"xl\",\"title_position\":\"top-left\",\"title_rotation\":\"left\",\"vertical_align\":\"\",\"width\":\"large\"},\"children\":[{\"type\":\"row\",\"props\":{\"column_gap\":\"large\",\"layout\":\"1-3,2-3\"},\"children\":[{\"type\":\"column\",\"props\":{\"image_position\":\"center-center\",\"position_sticky_breakpoint\":\"m\",\"width_medium\":\"1-3\"},\"children\":[{\"type\":\"module\",\"props\":{\"menu_image_align\":\"center\",\"menu_image_margin\":true,\"menu_style\":\"primary\",\"menu_type\":\"nav\",\"position_left\":\"0\",\"type\":\"nav_menu\",\"widget\":\"nav_menu-2\"},\"name\":\"WEC - SideNav\"}]},{\"type\":\"column\",\"props\":{\"image_position\":\"center-center\",\"position_sticky_breakpoint\":\"m\",\"width_medium\":\"2-3\"},\"children\":[{\"type\":\"headline\",\"props\":{\"content\":\"Aktuell diskutierte Studien\",\"title_element\":\"h1\",\"title_style\":\"heading-small\"}},{\"type\":\"grid\",\"props\":{\"content_column_breakpoint\":\"m\",\"filter_align\":\"left\",\"filter_all\":true,\"filter_grid_breakpoint\":\"m\",\"filter_grid_width\":\"auto\",\"filter_position\":\"top\",\"filter_style\":\"tab\",\"grid_column_gap\":\"small\",\"grid_default\":\"1\",\"grid_medium\":\"\",\"grid_row_gap\":\"small\",\"grid_small\":\"2\",\"icon_width\":80,\"image_align\":\"top\",\"image_grid_breakpoint\":\"m\",\"image_grid_width\":\"1-2\",\"image_link\":true,\"image_svg_color\":\"emphasis\",\"image_transition\":\"scale-down\",\"image_width\":\"610\",\"item_animation\":true,\"lightbox_bg_close\":true,\"link_style\":\"primary\",\"link_target\":true,\"link_text\":\"\",\"margin\":\"remove-vertical\",\"meta_align\":\"above-title\",\"meta_color\":\"primary\",\"meta_element\":\"div\",\"meta_style\":\"h6\",\"panel_image_no_padding\":true,\"panel_link\":false,\"panel_padding\":\"small\",\"panel_style\":\"card-default\",\"parallax_easing\":\"1\",\"show_content\":true,\"show_hover_image\":true,\"show_hover_video\":true,\"show_image\":true,\"show_link\":true,\"show_meta\":true,\"show_title\":true,\"show_video\":true,\"title_align\":\"top\",\"title_element\":\"h3\",\"title_grid_breakpoint\":\"m\",\"title_grid_width\":\"1-2\",\"title_hover_style\":\"reset\",\"title_link\":true,\"title_margin\":\"remove\",\"title_style\":\"h3\"},\"children\":[{\"type\":\"grid_item\",\"props\":{\"content\":\"\n\n<p><span>Mit dem neuen Stromgesetz hat die Schweiz ehrgeizige Ziele f\\u00fcr den Ausbau erneuerbarer Energien bis 2050 festgelegt. Doch wie wirken sich diese Vorgaben auf Versorgungssicherheit und Klimaneutralit\\u00e4t aus? Die Studie \\u00abEnergiezukunft 2050\\u00bb und ihr aktuelles Update analysieren, welche Optionen f\\u00fcr den Umbau des Energiesystems bestehen, welche Herausforderungen vor allem im Winter zu meistern sind und welche politischen Weichen jetzt entscheidend sind.<\\\/span><\\\/p>\",\"icon\":\"\",\"image\":\"\",\"item_element\":\"article\",\"link\":\"https:\\\/\\\/www.strom.ch\\\/de\\\/energiezukunft-2050\\\/startseite\",\"link_text\":\"Mehr erfahren\",\"meta\":\"\",\"title\":\"Wege in die Energie- und Klimazukunft der Schweiz\"}},{\"type\":\"grid_item\",\"props\":{\"content\":\"\n\n<p>Orientierung f\\u00fcr die Energiewende<\\\/p>\\n\n\n<p>Eine Publikation des PSI-Labors f\\u00fcr Energiesystemanalyse. F\\u00fcr Entscheidungstragende und alle, die mehr \\u00fcber Energie erfahren m\\u00f6chten. Jede Ausgabe enth\\u00e4lt eine Analyse eines aktuellen Themas im Energiebereich.<\\\/p>\",\"icon\":\"\",\"image\":\"\",\"item_element\":\"article\",\"link\":\"https:\\\/\\\/www.psi.ch\\\/de\\\/news\\\/psi-energie-kompass\",\"link_text\":\"Mehr erfahren\",\"meta\":\"\",\"title\":\"PSI Energie-Kompass\"}},{\"type\":\"grid_item\",\"props\":{\"content\":\"\n\n<p><span>Die Stromproduktion aus Sonne und Wind hat in der Schweiz 2024 einen neuen H\\u00f6chstwert erreicht \\u2013 doch im europ\\u00e4ischen Vergleich reicht es nur f\\u00fcr Rang 22.<\\\/span><\\\/p>\\n\n\n<p><span>W\\u00e4hrend L\\u00e4nder wie Schweden, D\\u00e4nemark, die Niederlande und Spanien pro Kopf ein Mehrfaches an erneuerbarem Strom erzeugen, bleibt die Schweiz im unteren Drittel der Rangliste.<\\\/span><\\\/p>\\n\n\n<p><span>Das zeigt die aktuelle Studie der Schweizerischen Energie-Stiftung, die j\\u00e4hrlich die Pro-Kopf-Produktion von Solar- und Windenergie in der Schweiz und der EU vergleicht.<\\\/span><\\\/p>\",\"icon\":\"\",\"image\":\"\",\"item_element\":\"article\",\"link\":\"https:\\\/\\\/energiestiftung.ch\\\/studie\\\/laendervergleich_2024\",\"link_text\":\"Mehr erfahren\",\"meta\":\"\",\"title\":\"L\\u00e4ndervergleich 2024: Schweiz bei Solar- und Windstrom weiter im Hinterfeld\"}},{\"type\":\"grid_item\",\"props\":{\"content\":\"\n\n<p><span>Wie robust ist die Stromversorgung der Schweiz, wenn Gas- und Stromimporte pl\\u00f6tzlich stark einbrechen? Forschende der ETH Z\\u00fcrich und der ZHAW Winterthur haben in einer neuen Studie verschiedene Szenarien f\\u00fcr das k\\u00fcnftige Energiesystem simuliert.<\\\/span><\\\/p>\\n\n\n<p><span>Ziel ist es, aufzuzeigen, welche Strategien und Strukturen die\\u00a0 Versorgungssicherheit auch in Krisenzeiten gew\\u00e4hrleisten k\\u00f6nnen.<\\\/span><\\\/p>\",\"icon\":\"\",\"image\":\"\",\"item_element\":\"article\",\"link\":\"https:\\\/\\\/ethz.ch\\\/de\\\/news-und-veranstaltungen\\\/eth-news\\\/news\\\/2025\\\/01\\\/stresstests-fuer-das-schweizer-stromsystem.html\",\"link_text\":\"Mehr erfahren\",\"meta\":\"\",\"title\":\"Stresstests f\\u00fcr das Schweizer Stromsystem\"}}],\"modified\":\"2021-01-28T14:50:40.352Z\"},{\"type\":\"text\",\"props\":{\"column_breakpoint\":\"m\",\"content\":\"\n\n<p><\\\/p>\\n\n\n<p><i>Disclaimer:<\\\/i><\\\/p>\\n\n\n<p><i>Die hier dargestellte Studien wurde durch Dritte und ohne Mitwirkung des World Energy Council erstellt. Es besteht nicht die Erwartung, dass sie ganz oder teilweise den Ansichten des World Energy Council entspricht. Dennoch sind darin Aspekte enthalten, welche aktuell in der \\u00d6ffentlichkeit oder Fachwelt diskutiert werden und somit einen Beitrag zur Gesamtdiskussion leisten.<\\\/i><\\\/p>\",\"margin\":\"default\"}}]}]}],\"name\":\"WEC - Home Events\"}],\"version\":\"4.5.25\"} --><\/p>\n","protected":false},"excerpt":{"rendered":"<p>Aktuell diskutierte Studien Wege in die Energie- und Klimazukunft der Schweiz Mit dem neuen Stromgesetz hat die Schweiz ehrgeizige Ziele f\u00fcr den Ausbau erneuerbarer Energien bis 2050 festgelegt. Doch wie wirken sich diese Vorgaben auf Versorgungssicherheit und Klimaneutralit\u00e4t aus? Die Studie \u00abEnergiezukunft 2050\u00bb und ihr aktuelles Update analysieren, welche Optionen f\u00fcr den Umbau des Energiesystems [&hellip;]<\/p>\n","protected":false},"author":1,"featured_media":0,"parent":2886,"menu_order":0,"comment_status":"closed","ping_status":"closed","template":"","meta":{"_acf_changed":false,"iawp_total_views":18,"footnotes":""},"class_list":["post-2944","page","type-page","status-publish","hentry"],"acf":[],"_links":{"self":[{"href":"https:\/\/www.worldenergy.ch\/en\/wp-json\/wp\/v2\/pages\/2944","targetHints":{"allow":["GET"]}}],"collection":[{"href":"https:\/\/www.worldenergy.ch\/en\/wp-json\/wp\/v2\/pages"}],"about":[{"href":"https:\/\/www.worldenergy.ch\/en\/wp-json\/wp\/v2\/types\/page"}],"author":[{"embeddable":true,"href":"https:\/\/www.worldenergy.ch\/en\/wp-json\/wp\/v2\/users\/1"}],"replies":[{"embeddable":true,"href":"https:\/\/www.worldenergy.ch\/en\/wp-json\/wp\/v2\/comments?post=2944"}],"version-history":[{"count":6,"href":"https:\/\/www.worldenergy.ch\/en\/wp-json\/wp\/v2\/pages\/2944\/revisions"}],"predecessor-version":[{"id":3001,"href":"https:\/\/www.worldenergy.ch\/en\/wp-json\/wp\/v2\/pages\/2944\/revisions\/3001"}],"up":[{"embeddable":true,"href":"https:\/\/www.worldenergy.ch\/en\/wp-json\/wp\/v2\/pages\/2886"}],"wp:attachment":[{"href":"https:\/\/www.worldenergy.ch\/en\/wp-json\/wp\/v2\/media?parent=2944"}],"curies":[{"name":"wp","href":"https:\/\/api.w.org\/{rel}","templated":true}]}}