{"id":3091,"date":"2025-09-30T09:52:22","date_gmt":"2025-09-30T07:52:22","guid":{"rendered":"https:\/\/www.worldenergy.ch\/?page_id=3091"},"modified":"2025-09-30T09:57:42","modified_gmt":"2025-09-30T07:57:42","slug":"biogas","status":"publish","type":"page","link":"https:\/\/www.worldenergy.ch\/en\/publikationen\/wec-switzerland\/energiestatistik-schweiz-ab-1910\/energietraeger\/uebrige-erneuerbare-energien\/biogas\/","title":{"rendered":"Biogas"},"content":{"rendered":"<h1>Biogas<\/h1>\n<h2>Entwicklung<\/h2>\n<div>\n<p><span>Biogas wird aus Mist und G\u00fclle der Landwirtschaft, aus vergorenen Haushaltabf\u00e4llen, aus Abfalldeponien, aus Kl\u00e4eanlagen und Industrieabw\u00e4ssern gewonnen und mittels Technologien der W\u00e4rmekraftkoppelung genutzt.<\/span><\/p>\n<\/div>\n<hr>\n<h2>Statistische Methodik<\/h2>\n<div><main><\/p>\n<div class=\"container\">\n<div class=\"row\">\n<div class=\"main-content col-md-8\">\n<div class=\"templateContent\"><main><\/p>\n<div class=\"container\">\n<div class=\"row\">\n<div class=\"main-content col-md-8\">\n<div class=\"templateContent\">\n<p>Der Bestand von Biogasanlagen wird von der Forschungsanstalt f\u00fcr Betriebswirtschaft und Landtechnik in T\u00e4nikon erfasst. Die Produktion von Energie wird mittels einer Vollerhebung j\u00e4hrlich erfragt.<\/p>\n<\/div>\n<\/div>\n<\/div>\n<\/div>\n<p><\/main><\/p>\n<section class=\"poweredby\">\n<div class=\"container\">\n<div class=\"row\">\n<div class=\"col-sm-10 col-sm-offset-1\">\n<ul class=\"powered-by\"><\/ul>\n<\/div>\n<\/div>\n<\/div>\n<\/section>\n<\/div>\n<\/div>\n<\/div>\n<\/div>\n<p><\/main><\/div>\n<p><!--more--><br \/>\n<!-- {\"type\":\"layout\",\"children\":[{\"type\":\"section\",\"props\":{\"animation\":\"fade\",\"image_position\":\"center-center\",\"padding\":\"large\",\"padding_remove_bottom\":false,\"style\":\"default\",\"title_breakpoint\":\"xl\",\"title_position\":\"top-left\",\"title_rotation\":\"left\",\"vertical_align\":\"\",\"width\":\"large\"},\"children\":[{\"type\":\"row\",\"props\":{\"column_gap\":\"large\",\"layout\":\"1-3,2-3\"},\"children\":[{\"type\":\"column\",\"props\":{\"image_position\":\"center-center\",\"position_sticky_breakpoint\":\"m\",\"width_medium\":\"1-3\",\"width_xlarge\":\"1-3\"},\"children\":[{\"type\":\"module\",\"props\":{\"menu_image_align\":\"center\",\"menu_image_margin\":true,\"menu_style\":\"primary\",\"menu_type\":\"nav\",\"position_left\":\"0\",\"type\":\"nav_menu\",\"widget\":\"nav_menu-2\"}}]},{\"type\":\"column\",\"props\":{\"image_position\":\"center-center\",\"position_sticky_breakpoint\":\"m\",\"width_medium\":\"2-3\",\"width_xlarge\":\"2-3\"},\"children\":[{\"type\":\"headline\",\"props\":{\"content\":\"Biogas\",\"title_element\":\"h1\",\"title_style\":\"heading-small\"}},{\"type\":\"headline\",\"props\":{\"content\":\"Entwicklung\",\"title_element\":\"h2\",\"title_style\":\"h2\"}},{\"type\":\"text\",\"props\":{\"column_breakpoint\":\"m\",\"content\":\"\n\n<p><span>Biogas wird aus Mist und G\\u00fclle der Landwirtschaft, aus vergorenen Haushaltabf\\u00e4llen, aus Abfalldeponien, aus Kl\\u00e4eanlagen und Industrieabw\\u00e4ssern gewonnen und mittels Technologien der W\\u00e4rmekraftkoppelung genutzt.<\\\/span><\\\/p>\",\"margin\":\"default\",\"maxwidth\":\"2xlarge\",\"maxwidth_breakpoint\":\"l\"}},{\"type\":\"divider\",\"props\":{\"divider_element\":\"hr\"}},{\"type\":\"headline\",\"props\":{\"content\":\"Statistische Methodik\",\"title_element\":\"h2\",\"title_style\":\"h2\"}},{\"type\":\"text\",\"props\":{\"column_breakpoint\":\"m\",\"content\":\"<main>\\n\n\n<div class=\\\"container\\\">\\n\n\n<div class=\\\"row\\\">\\n\n\n<div class=\\\"main-content col-md-8\\\">\\n\n\n<div class=\\\"templateContent\\\"><main>\\n\n\n<div class=\\\"container\\\">\\n\n\n<div class=\\\"row\\\">\\n\n\n<div class=\\\"main-content col-md-8\\\">\\n\n\n<div class=\\\"templateContent\\\">\\n\n\n<p>Der Bestand von Biogasanlagen wird von der Forschungsanstalt f\\u00fcr Betriebswirtschaft und Landtechnik in T\\u00e4nikon erfasst. Die Produktion von Energie wird mittels einer Vollerhebung j\\u00e4hrlich erfragt.<\\\/p>\\n<\\\/div>\\n<\\\/div>\\n<\\\/div>\\n<\\\/div>\\n<\\\/main>\\n\n\n<section class=\\\"poweredby\\\">\\n\n\n<div class=\\\"container\\\">\\n\n\n<div class=\\\"row\\\">\\n\n\n<div class=\\\"col-sm-10 col-sm-offset-1\\\">\\n\n\n<ul class=\\\"powered-by\\\"><\\\/ul>\\n<\\\/div>\\n<\\\/div>\\n<\\\/div>\\n<\\\/section>\\n<\\\/div>\\n<\\\/div>\\n<\\\/div>\\n<\\\/div>\\n<\\\/main>\",\"margin\":\"default\",\"maxwidth\":\"2xlarge\",\"maxwidth_breakpoint\":\"l\"}}]}]}],\"name\":\"WEC - Home Intro\"}],\"version\":\"4.5.28\"} --><\/p>\n","protected":false},"excerpt":{"rendered":"<p>Biogas Entwicklung Biogas wird aus Mist und G\u00fclle der Landwirtschaft, aus vergorenen Haushaltabf\u00e4llen, aus Abfalldeponien, aus Kl\u00e4eanlagen und Industrieabw\u00e4ssern gewonnen und mittels Technologien der W\u00e4rmekraftkoppelung genutzt. Statistische Methodik Der Bestand von Biogasanlagen wird von der Forschungsanstalt f\u00fcr Betriebswirtschaft und Landtechnik in T\u00e4nikon erfasst. Die Produktion von Energie wird mittels einer Vollerhebung j\u00e4hrlich erfragt.<\/p>\n","protected":false},"author":1,"featured_media":0,"parent":3085,"menu_order":0,"comment_status":"closed","ping_status":"closed","template":"","meta":{"_acf_changed":false,"iawp_total_views":3,"footnotes":""},"class_list":["post-3091","page","type-page","status-publish","hentry"],"acf":[],"_links":{"self":[{"href":"https:\/\/www.worldenergy.ch\/en\/wp-json\/wp\/v2\/pages\/3091","targetHints":{"allow":["GET"]}}],"collection":[{"href":"https:\/\/www.worldenergy.ch\/en\/wp-json\/wp\/v2\/pages"}],"about":[{"href":"https:\/\/www.worldenergy.ch\/en\/wp-json\/wp\/v2\/types\/page"}],"author":[{"embeddable":true,"href":"https:\/\/www.worldenergy.ch\/en\/wp-json\/wp\/v2\/users\/1"}],"replies":[{"embeddable":true,"href":"https:\/\/www.worldenergy.ch\/en\/wp-json\/wp\/v2\/comments?post=3091"}],"version-history":[{"count":2,"href":"https:\/\/www.worldenergy.ch\/en\/wp-json\/wp\/v2\/pages\/3091\/revisions"}],"predecessor-version":[{"id":3104,"href":"https:\/\/www.worldenergy.ch\/en\/wp-json\/wp\/v2\/pages\/3091\/revisions\/3104"}],"up":[{"embeddable":true,"href":"https:\/\/www.worldenergy.ch\/en\/wp-json\/wp\/v2\/pages\/3085"}],"wp:attachment":[{"href":"https:\/\/www.worldenergy.ch\/en\/wp-json\/wp\/v2\/media?parent=3091"}],"curies":[{"name":"wp","href":"https:\/\/api.w.org\/{rel}","templated":true}]}}