{"id":4,"date":"2020-11-17T13:56:53","date_gmt":"2020-11-17T13:56:53","guid":{"rendered":"https:\/\/www.worldenergy.ch\/?page_id=4"},"modified":"2025-09-30T11:47:47","modified_gmt":"2025-09-30T09:47:47","slug":"ueber-uns","status":"publish","type":"page","link":"https:\/\/www.worldenergy.ch\/en\/ueber-uns\/","title":{"rendered":"\u00dcber uns"},"content":{"rendered":"<h1>\n<p>World Energy Council (WEC)<\/p>\n<p>Switzerland<\/p>\n<\/h1>\n<div>Der World Energy Council Switzerland (WEC Switzerland) ist Gr\u00fcndungsmitglied und nationales Mitgliederkomitee des Weltenergierates, der f\u00fchrenden globalen Nichtregierungsorganisation (NGO) f\u00fcr Energiefragen. Die Mitglieder des Vereins repr\u00e4sentieren die Versorgungsbranche, Forschungseinrichtungen, produzierende Industrie, Dienstleistungsbranche als auch Politik.<\/div>\n<div>Das WEC Switzerland kommuniziert und interpretiert Fakten und Zusammenh\u00e4nge der internationalen Energiem\u00e4rkte. Damit tr\u00e4gt es zu einer Verbreiterung der Basis f\u00fcr den energiepolitischen Dialog in der Schweiz bei. Ziel ist letztlich eine wirtschaftliche, sichere, verantwortungsvolle und international eingebettete schweizerische Energieversorgung.<\/div>\n<p><p>\n        <a href=\"\/wp-content\/uploads\/2025\/09\/WEC_Switzerland_Flyer_2024.pdf\">\u00dcber uns &#8211; Flyer<\/a>\n    <\/p>\n<\/p>\n<div>\n<h2>Unser Versprechen<\/h2>\n<p><a href=\"#\"><\/a><\/p>\n<\/div>\n<ul>\n<li>\n<div>Das World Energy Council Switzerland ordnet internationale Erkenntnisse in den nationalen Kontext ein.<\/div>\n<\/li>\n<li>\n<div>Dabei bieten wir eine breit abgest\u00fctzte und pragmatische Plattform f\u00fcr Energiethemen.<\/div>\n<\/li>\n<li>\n<div>Energietr\u00e4ger- und technologie\u00fcbergreifend sind wir der Gesamtsicht verpflichtet und stets ergebnisoffen.<\/div>\n<\/li>\n<li>\n<div>Es ist unser Anliegen, den Dialog zwischen \u00f6ffentlichem und privatem Sektor, Anbietern und Konsumenten zu f\u00f6rdern.<\/div>\n<\/li>\n<li>\n<div>Wir organisieren hochkar\u00e4tige Veranstaltungen in einem in dieser Form einzigartigen Kreis.<\/div>\n<\/li>\n<li>\n<div>Wir verstehen uns als Inkubator f\u00fcr einen auf wissenschaftlicher Basis faktengest\u00fctzten nationalen und internationalen Austausch von F\u00fchrungskr\u00e4ften und Fachexperten aus Wirtschaft, Wissenschaft und Politik.<\/div>\n<\/li>\n<li>\n<div>Unsere Plattform erm\u00f6glicht den Austausch und das Mitwirken im internationalen Verbund.<\/div>\n<\/li>\n<\/ul>\n<div>\n<p><span>Der World Energy Council (WEC) ist die f\u00fchrende globale NGO f\u00fcr Energiefragen. Gest\u00fctzt auf ein dichtes Netzwerk von F\u00fchrungskr\u00e4ften und Personen aus der Praxis f\u00f6rdert der Weltenergierat ein kosteng\u00fcnstiges, stabiles und \u00f6kologisch vertr\u00e4gliches Energiesystem zum Nutzen aller.<\/span><\/p>\n<p><span>Zentrales Arbeitsinstrument des Weltenergierates ist das von ihm definierte \u00abEnergietrilemma\u00bb: Es beschreibt den nat\u00fcrlichen Konflikt zwischen den drei energiepolitischen Zielen \u00abEnergieversorgungssicherheit\u00bb, \u00absoziale Gerechtigkeit\u00bb und \u00abUmweltvertr\u00e4glichkeit\u00bb.<\/span><\/p>\n<\/div>\n<p><iframe src=\"https:\/\/www.youtube.com\/watch?v=a4sp3L8kYI0\"><\/iframe><\/p>\n<p><!--more--><br \/>\n<!-- {\"type\":\"layout\",\"children\":[{\"type\":\"section\",\"props\":{\"animation\":\"fade\",\"image_position\":\"center-center\",\"padding\":\"large\",\"padding_remove_bottom\":false,\"style\":\"default\",\"title_breakpoint\":\"xl\",\"title_position\":\"top-left\",\"title_rotation\":\"left\",\"vertical_align\":\"\",\"width\":\"large\"},\"children\":[{\"type\":\"row\",\"props\":{\"column_gap\":\"large\",\"layout\":\"1-3,2-3\"},\"children\":[{\"type\":\"column\",\"props\":{\"image_position\":\"center-center\",\"position_sticky_breakpoint\":\"m\",\"width_medium\":\"1-3\",\"width_xlarge\":\"1-3\"},\"children\":[{\"type\":\"headline\",\"props\":{\"content\":\"\n\n<p>World Energy Council (WEC)<\\\/p>\\n\n\n<p>Switzerland<\\\/p>\",\"title_element\":\"h1\",\"title_style\":\"heading-small\"}}]},{\"type\":\"column\",\"props\":{\"image_position\":\"center-center\",\"position_sticky_breakpoint\":\"m\",\"width_medium\":\"2-3\",\"width_xlarge\":\"2-3\"},\"children\":[{\"type\":\"text\",\"props\":{\"column_breakpoint\":\"m\",\"content\":\"Der World Energy Council Switzerland (WEC Switzerland) ist Gr\\u00fcndungsmitglied und nationales Mitgliederkomitee des Weltenergierates, der f\\u00fchrenden globalen Nichtregierungsorganisation (NGO) f\\u00fcr Energiefragen. Die Mitglieder des Vereins repr\\u00e4sentieren die Versorgungsbranche, Forschungseinrichtungen, produzierende Industrie, Dienstleistungsbranche als auch Politik.\",\"margin\":\"default\",\"maxwidth\":\"2xlarge\",\"maxwidth_breakpoint\":\"l\",\"text_style\":\"lead\"}},{\"type\":\"text\",\"props\":{\"column_breakpoint\":\"m\",\"content\":\"Das WEC Switzerland kommuniziert und interpretiert Fakten und Zusammenh\\u00e4nge der internationalen Energiem\\u00e4rkte. Damit tr\\u00e4gt es zu einer Verbreiterung der Basis f\\u00fcr den energiepolitischen Dialog in der Schweiz bei. Ziel ist letztlich eine wirtschaftliche, sichere, verantwortungsvolle und international eingebettete schweizerische Energieversorgung.\",\"margin\":\"default\"}},{\"type\":\"button\",\"props\":{\"animation\":\"slide-bottom-small\",\"grid_column_gap\":\"small\",\"grid_row_gap\":\"small\",\"margin\":\"medium\"},\"children\":[{\"type\":\"button_item\",\"props\":{\"button_style\":\"primary\",\"content\":\"\\u00dcber uns - Flyer\",\"dialog_layout\":\"modal\",\"dialog_offcanvas_flip\":true,\"icon\":\"cloud-download\",\"icon_align\":\"left\",\"link\":\"wp-content\\\/uploads\\\/2025\\\/09\\\/WEC_Switzerland_Flyer_2024.pdf\",\"link_title\":\"Contact\"}}]}]}]}],\"name\":\"WEC - Home Intro\"},{\"type\":\"section\",\"props\":{\"animation\":\"fade\",\"animation_delay\":false,\"image_position\":\"bottom-left\",\"image_size\":\"width-1-1\",\"image_width\":\"2560\",\"media_blend_mode\":\"overlay\",\"media_overlay_gradient\":\"linear-gradient(180deg, rgba(255,255,255,1) 0%, rgba(255,255,255,0.2) 15%, rgba(255,255,255,0) 100%);\",\"padding\":\"large\",\"padding_remove_top\":false,\"style\":\"muted\",\"title_breakpoint\":\"xl\",\"title_position\":\"top-left\",\"title_rotation\":\"left\",\"vertical_align\":\"\",\"width\":\"large\"},\"children\":[{\"type\":\"row\",\"props\":{\"column_gap\":\"large\",\"layout\":\"1-3,2-3\"},\"children\":[{\"type\":\"column\",\"props\":{\"image_position\":\"center-center\",\"position_sticky_breakpoint\":\"m\",\"width_medium\":\"1-3\"},\"children\":[{\"type\":\"panel\",\"props\":{\"animation\":\"none\",\"content\":\"\",\"content_column_breakpoint\":\"m\",\"css\":\"@media (max-width: 959px) {\\n    \\n    .el-link {\\n    \\tdisplay: none;\\n    }\\n    \\n}\",\"icon_width\":80,\"image_align\":\"top\",\"image_grid_breakpoint\":\"m\",\"image_grid_width\":\"1-2\",\"image_svg_color\":\"emphasis\",\"link\":\"#\",\"link_margin\":\"medium\",\"link_style\":\"primary\",\"link_text\":\"\",\"margin\":\"remove-vertical\",\"meta_align\":\"below-title\",\"meta_element\":\"div\",\"meta_style\":\"text-meta\",\"title\":\"Unser Versprechen\",\"title_align\":\"top\",\"title_element\":\"h2\",\"title_grid_breakpoint\":\"m\",\"title_grid_width\":\"1-2\",\"title_hover_style\":\"reset\",\"title_style\":\"heading-small\"}}]},{\"type\":\"column\",\"props\":{\"image_position\":\"center-center\",\"position_sticky_breakpoint\":\"m\",\"width_medium\":\"2-3\"},\"children\":[{\"type\":\"list\",\"props\":{\"column_breakpoint\":\"m\",\"html_element\":false,\"image_align\":\"left\",\"image_svg_color\":\"emphasis\",\"image_vertical_align\":true,\"list_element\":\"ul\",\"list_horizontal_separator\":\", \",\"list_style\":\"divider\",\"list_type\":\"vertical\",\"show_image\":true,\"show_link\":true},\"children\":[{\"type\":\"list_item\",\"props\":{\"content\":\"Das World Energy Council Switzerland ordnet internationale Erkenntnisse in den nationalen Kontext ein.\"}},{\"type\":\"list_item\",\"props\":{\"content\":\"Dabei bieten wir eine breit abgest\\u00fctzte und pragmatische Plattform f\\u00fcr Energiethemen.\"}},{\"type\":\"list_item\",\"props\":{\"content\":\"Energietr\\u00e4ger- und technologie\\u00fcbergreifend sind wir der Gesamtsicht verpflichtet und stets ergebnisoffen.\"}},{\"type\":\"list_item\",\"props\":{\"content\":\"Es ist unser Anliegen, den Dialog zwischen \\u00f6ffentlichem und privatem Sektor, Anbietern und Konsumenten zu f\\u00f6rdern.\"}},{\"type\":\"list_item\",\"props\":{\"content\":\"Wir organisieren hochkar\\u00e4tige Veranstaltungen in einem in dieser Form einzigartigen Kreis.\"}},{\"type\":\"list_item\",\"props\":{\"content\":\"Wir verstehen uns als Inkubator f\\u00fcr einen auf wissenschaftlicher Basis faktengest\\u00fctzten nationalen und internationalen Austausch von F\\u00fchrungskr\\u00e4ften und Fachexperten aus Wirtschaft, Wissenschaft und Politik.\"}},{\"type\":\"list_item\",\"props\":{\"content\":\"Unsere Plattform erm\\u00f6glicht den Austausch und das Mitwirken im internationalen Verbund.\"}}]}]}]}],\"name\":\"WEC - Home Events\"},{\"type\":\"section\",\"props\":{\"animation\":\"fade\",\"image_position\":\"center-center\",\"padding\":\"large\",\"padding_remove_bottom\":false,\"style\":\"default\",\"title_breakpoint\":\"xl\",\"title_position\":\"top-left\",\"title_rotation\":\"left\",\"vertical_align\":\"\",\"width\":\"\"},\"children\":[{\"type\":\"row\",\"props\":{\"column_gap\":\"large\",\"layout\":\"1-3,2-3\",\"margin\":\"large\",\"width\":\"large\"},\"children\":[{\"type\":\"column\",\"props\":{\"image_position\":\"center-center\",\"position_sticky_breakpoint\":\"m\",\"width_medium\":\"1-3\"},\"children\":[{\"type\":\"text\",\"props\":{\"column_breakpoint\":\"m\",\"content\":\"\n\n<p><span>Der World Energy Council (WEC) ist die f\\u00fchrende globale NGO f\\u00fcr Energiefragen. Gest\\u00fctzt auf ein dichtes Netzwerk von F\\u00fchrungskr\\u00e4ften und Personen aus der Praxis f\\u00f6rdert der Weltenergierat ein kosteng\\u00fcnstiges, stabiles und \\u00f6kologisch vertr\\u00e4gliches Energiesystem zum Nutzen aller.<\\\/span><\\\/p>\\n\n\n<p><span>Zentrales Arbeitsinstrument des Weltenergierates ist das von ihm definierte \\u00abEnergietrilemma\\u00bb: Es beschreibt den nat\\u00fcrlichen Konflikt zwischen den drei energiepolitischen Zielen \\u00abEnergieversorgungssicherheit\\u00bb, \\u00absoziale Gerechtigkeit\\u00bb und \\u00abUmweltvertr\\u00e4glichkeit\\u00bb.<\\\/span><\\\/p>\",\"margin\":\"default\"}}]},{\"type\":\"column\",\"props\":{\"image_position\":\"center-center\",\"position_sticky_breakpoint\":\"m\",\"vertical_align\":\"middle\",\"width_medium\":\"2-3\"},\"children\":[{\"type\":\"video\",\"props\":{\"margin\":\"default\",\"video\":\"https:\\\/\\\/www.youtube.com\\\/watch?v=a4sp3L8kYI0\",\"video_controls\":true,\"video_width\":1000}}]}]}],\"name\":\"Benefits\"}],\"version\":\"4.5.28\"} --><\/p>\n","protected":false},"excerpt":{"rendered":"<p>World Energy Council (WEC) Switzerland Der World Energy Council Switzerland (WEC Switzerland) ist Gr\u00fcndungsmitglied und nationales Mitgliederkomitee des Weltenergierates, der f\u00fchrenden globalen Nichtregierungsorganisation (NGO) f\u00fcr Energiefragen. Die Mitglieder des Vereins repr\u00e4sentieren die Versorgungsbranche, Forschungseinrichtungen, produzierende Industrie, Dienstleistungsbranche als auch Politik. Das WEC Switzerland kommuniziert und interpretiert Fakten und Zusammenh\u00e4nge der internationalen Energiem\u00e4rkte. Damit tr\u00e4gt es [&hellip;]<\/p>\n","protected":false},"author":1,"featured_media":0,"parent":0,"menu_order":13,"comment_status":"closed","ping_status":"closed","template":"","meta":{"_acf_changed":false,"iawp_total_views":130,"footnotes":""},"class_list":["post-4","page","type-page","status-publish","hentry"],"acf":[],"_links":{"self":[{"href":"https:\/\/www.worldenergy.ch\/en\/wp-json\/wp\/v2\/pages\/4","targetHints":{"allow":["GET"]}}],"collection":[{"href":"https:\/\/www.worldenergy.ch\/en\/wp-json\/wp\/v2\/pages"}],"about":[{"href":"https:\/\/www.worldenergy.ch\/en\/wp-json\/wp\/v2\/types\/page"}],"author":[{"embeddable":true,"href":"https:\/\/www.worldenergy.ch\/en\/wp-json\/wp\/v2\/users\/1"}],"replies":[{"embeddable":true,"href":"https:\/\/www.worldenergy.ch\/en\/wp-json\/wp\/v2\/comments?post=4"}],"version-history":[{"count":15,"href":"https:\/\/www.worldenergy.ch\/en\/wp-json\/wp\/v2\/pages\/4\/revisions"}],"predecessor-version":[{"id":3114,"href":"https:\/\/www.worldenergy.ch\/en\/wp-json\/wp\/v2\/pages\/4\/revisions\/3114"}],"wp:attachment":[{"href":"https:\/\/www.worldenergy.ch\/en\/wp-json\/wp\/v2\/media?parent=4"}],"curies":[{"name":"wp","href":"https:\/\/api.w.org\/{rel}","templated":true}]}}