{"id":3089,"date":"2025-09-30T09:52:08","date_gmt":"2025-09-30T07:52:08","guid":{"rendered":"https:\/\/www.worldenergy.ch\/?page_id=3089"},"modified":"2025-09-30T09:57:13","modified_gmt":"2025-09-30T07:57:13","slug":"wind","status":"publish","type":"page","link":"https:\/\/www.worldenergy.ch\/fr\/publikationen\/wec-switzerland\/energiestatistik-schweiz-ab-1910\/energietraeger\/uebrige-erneuerbare-energien\/wind\/","title":{"rendered":"Wind"},"content":{"rendered":"<h1>Wind<\/h1>\n<h2>Entwicklung<\/h2>\n<div>\n<p>Bis zu Beginn der 80-er Jahre besass die Nutzung der Windenergie nur noch eine sehr marginale Bedeutung. Einzig kleine (&lt; 5 kW) Windkraftanlagen wurden f\u00fcr die netzunabh\u00e4ngige Stromversorgung von Alp- und Bergh\u00fctten betrieben, welche aber zusehends durch die viel wartungsarmere Photovoltaik verdr\u00e4ngt wurden.<\/p>\n<p>Ausgehend vom ersten Windenergie-Boom in Kalifornien setzte weltweit eine rasante Entwicklung dieser Technologie ein, was zu immer gr\u00f6sseren und zuverl\u00e4ssigeren Anlagen f\u00fchrte. Einen weiteren, massiven Schub f\u00fcr das Wachstum der Windenergie l\u00f6sten die gesicherten R\u00fcckspeiseverg\u00fctungen f\u00fcr dezentral erzeugten Strom in L\u00e4ndern wie Deutschland, D\u00e4nemark und Spanien aus.<\/p>\n<p>Windenergie ist heute die weltweit am st\u00e4rksten expandierende Energiequelle. Ende 1999 waren weltweit 13&#8217;500 MW Windenergieanlagen installiert, welche rund 20&#8217;000 GWh Elektrizit\u00e4t erzeugen. Dies entspricht der H\u00e4lfte des schweizerischen Elektrizit\u00e4tsverbrauchs. Mit einer Wachstumsrate von gegen 40% \u00fcbertrifft die Windbranche gar diejenige der Informationstechnologien.<\/p>\n<p>Diese Dynamik hinterl\u00e4sst auch in der Schweiz ihre Spuren, wo heute 14 Windkraftanlagen mit einer installierten Leistung von 2,805 MW rund 3,2 GWh Elektrizit\u00e4t pro Jahr generieren.<\/p>\n<p>Das in einer Studie aus dem Jahr 1996 ermittelte Potential f\u00fcr die Nutzung der Windenergie liegt bei 1&#8217;600 GWh oder rund 3.5 % des Stromverbrauchs von 1995. An sehr gut bewindeten Standorten ausserhalb von landschaftlichen Schutzgebieten k\u00f6nnten rund 500 Windkraftanlagen Elektrizit\u00e4t in der Gr\u00f6ssenordnung von 270 GWh im Jahr erzeugen.<\/p>\n<p>Die mittleren Installationskosten liegen bei Fr. 2&#8217;000.-\/kW, was an windreichen Standorten zu Stromgestehungskosten von unter 20 Rp.\/kWh f\u00fchrt &#8211; wobei 60% der Energie im Winterhalbjahr erzeugt werden.<\/p>\n<\/div>\n<hr>\n<h2>Statistische Methodik<\/h2>\n<div><main><\/p>\n<div class=\"container\">\n<div class=\"row\">\n<div class=\"main-content col-md-8\">\n<div class=\"templateContent\"><main><\/p>\n<div class=\"container\">\n<div class=\"row\">\n<div class=\"main-content col-md-8\">\n<div class=\"templateContent\">\n<p>Zum heutigen Zeitpunkt ist die Datenlage zu der mit Windenergie erzeugten Elektrizit\u00e4t noch einfach \u00fcberblickbar. S\u00e4mtliche Anlagenbetreiber melden die j\u00e4hrliche Energieproduktion an die Gesch\u00e4ftsstelle der Schweizerischen Vereinigung zur F\u00f6rderung f\u00fcr Windenergie\u00a0<a href=\"http:\/\/www.suisse-eole.ch\/de\/\" target=\"_blank\" rel=\"noopener\">Suisse-Eole<\/a>. Nach einer Plausibilit\u00e4tspr\u00fcfung werden dies Daten an die Verfasser der schweizerischen Energiestatistik weiter geleitet.<\/p>\n<p>Auf dem Internet (<a href=\"http:\/\/wind-data.ch\/index.php?lng=de\" target=\"_blank\" rel=\"noopener\">http:\/\/wind-data.ch\/index.php?lng=de<\/a>) werden zudem s\u00e4mtliche f\u00fcr die Nutzung der Windenergie relevanten Windmessdaten publiziert &#8211; auch von tempor\u00e4ren Messungen aus Standortabkl\u00e4rungen. Dies erlaubt mittelfristig eine gesicherte Datenlage im Sinne einer eigentli-chen Windenergiekarte der Schweiz.<\/p>\n<\/div>\n<\/div>\n<\/div>\n<\/div>\n<p><\/main><\/p>\n<section class=\"poweredby\">\n<div class=\"container\">\n<div class=\"row\">\n<div class=\"col-sm-10 col-sm-offset-1\">\n<ul class=\"powered-by\"><\/ul>\n<\/div>\n<\/div>\n<\/div>\n<\/section>\n<\/div>\n<\/div>\n<\/div>\n<\/div>\n<p><\/main><\/div>\n<p><!--more--><br \/>\n<!-- {\"type\":\"layout\",\"children\":[{\"type\":\"section\",\"props\":{\"animation\":\"fade\",\"image_position\":\"center-center\",\"padding\":\"large\",\"padding_remove_bottom\":false,\"style\":\"default\",\"title_breakpoint\":\"xl\",\"title_position\":\"top-left\",\"title_rotation\":\"left\",\"vertical_align\":\"\",\"width\":\"large\"},\"children\":[{\"type\":\"row\",\"props\":{\"column_gap\":\"large\",\"layout\":\"1-3,2-3\"},\"children\":[{\"type\":\"column\",\"props\":{\"image_position\":\"center-center\",\"position_sticky_breakpoint\":\"m\",\"width_medium\":\"1-3\",\"width_xlarge\":\"1-3\"},\"children\":[{\"type\":\"module\",\"props\":{\"menu_image_align\":\"center\",\"menu_image_margin\":true,\"menu_style\":\"primary\",\"menu_type\":\"nav\",\"position_left\":\"0\",\"type\":\"nav_menu\",\"widget\":\"nav_menu-2\"}}]},{\"type\":\"column\",\"props\":{\"image_position\":\"center-center\",\"position_sticky_breakpoint\":\"m\",\"width_medium\":\"2-3\",\"width_xlarge\":\"2-3\"},\"children\":[{\"type\":\"headline\",\"props\":{\"content\":\"Wind\",\"title_element\":\"h1\",\"title_style\":\"heading-small\"}},{\"type\":\"headline\",\"props\":{\"content\":\"Entwicklung\",\"title_element\":\"h2\",\"title_style\":\"h2\"}},{\"type\":\"text\",\"props\":{\"column_breakpoint\":\"m\",\"content\":\"\n\n<p>Bis zu Beginn der 80-er Jahre besass die Nutzung der Windenergie nur noch eine sehr marginale Bedeutung. Einzig kleine (&lt; 5 kW) Windkraftanlagen wurden f\\u00fcr die netzunabh\\u00e4ngige Stromversorgung von Alp- und Bergh\\u00fctten betrieben, welche aber zusehends durch die viel wartungsarmere Photovoltaik verdr\\u00e4ngt wurden.<\\\/p>\\n\n\n<p>Ausgehend vom ersten Windenergie-Boom in Kalifornien setzte weltweit eine rasante Entwicklung dieser Technologie ein, was zu immer gr\\u00f6sseren und zuverl\\u00e4ssigeren Anlagen f\\u00fchrte. Einen weiteren, massiven Schub f\\u00fcr das Wachstum der Windenergie l\\u00f6sten die gesicherten R\\u00fcckspeiseverg\\u00fctungen f\\u00fcr dezentral erzeugten Strom in L\\u00e4ndern wie Deutschland, D\\u00e4nemark und Spanien aus.<\\\/p>\\n\n\n<p>Windenergie ist heute die weltweit am st\\u00e4rksten expandierende Energiequelle. Ende 1999 waren weltweit 13'500 MW Windenergieanlagen installiert, welche rund 20'000 GWh Elektrizit\\u00e4t erzeugen. Dies entspricht der H\\u00e4lfte des schweizerischen Elektrizit\\u00e4tsverbrauchs. Mit einer Wachstumsrate von gegen 40% \\u00fcbertrifft die Windbranche gar diejenige der Informationstechnologien.<\\\/p>\\n\n\n<p>Diese Dynamik hinterl\\u00e4sst auch in der Schweiz ihre Spuren, wo heute 14 Windkraftanlagen mit einer installierten Leistung von 2,805 MW rund 3,2 GWh Elektrizit\\u00e4t pro Jahr generieren.<\\\/p>\\n\n\n<p>Das in einer Studie aus dem Jahr 1996 ermittelte Potential f\\u00fcr die Nutzung der Windenergie liegt bei 1'600 GWh oder rund 3.5 % des Stromverbrauchs von 1995. An sehr gut bewindeten Standorten ausserhalb von landschaftlichen Schutzgebieten k\\u00f6nnten rund 500 Windkraftanlagen Elektrizit\\u00e4t in der Gr\\u00f6ssenordnung von 270 GWh im Jahr erzeugen.<\\\/p>\\n\n\n<p>Die mittleren Installationskosten liegen bei Fr. 2'000.-\\\/kW, was an windreichen Standorten zu Stromgestehungskosten von unter 20 Rp.\\\/kWh f\\u00fchrt - wobei 60% der Energie im Winterhalbjahr erzeugt werden.<\\\/p>\",\"margin\":\"default\",\"maxwidth\":\"2xlarge\",\"maxwidth_breakpoint\":\"l\"}},{\"type\":\"divider\",\"props\":{\"divider_element\":\"hr\"}},{\"type\":\"headline\",\"props\":{\"content\":\"Statistische Methodik\",\"title_element\":\"h2\",\"title_style\":\"h2\"}},{\"type\":\"text\",\"props\":{\"column_breakpoint\":\"m\",\"content\":\"<main>\\n\n\n<div class=\\\"container\\\">\\n\n\n<div class=\\\"row\\\">\\n\n\n<div class=\\\"main-content col-md-8\\\">\\n\n\n<div class=\\\"templateContent\\\"><main>\\n\n\n<div class=\\\"container\\\">\\n\n\n<div class=\\\"row\\\">\\n\n\n<div class=\\\"main-content col-md-8\\\">\\n\n\n<div class=\\\"templateContent\\\">\\n\n\n<p>Zum heutigen Zeitpunkt ist die Datenlage zu der mit Windenergie erzeugten Elektrizit\\u00e4t noch einfach \\u00fcberblickbar. S\\u00e4mtliche Anlagenbetreiber melden die j\\u00e4hrliche Energieproduktion an die Gesch\\u00e4ftsstelle der Schweizerischen Vereinigung zur F\\u00f6rderung f\\u00fcr Windenergie\\u00a0<a href=\\\"http:\\\/\\\/www.suisse-eole.ch\\\/de\\\/\\\" target=\\\"_blank\\\" rel=\\\"noopener\\\">Suisse-Eole<\\\/a>. Nach einer Plausibilit\\u00e4tspr\\u00fcfung werden dies Daten an die Verfasser der schweizerischen Energiestatistik weiter geleitet.<\\\/p>\\n\n\n<p>Auf dem Internet (<a href=\\\"http:\\\/\\\/wind-data.ch\\\/index.php?lng=de\\\" target=\\\"_blank\\\" rel=\\\"noopener\\\">http:\\\/\\\/wind-data.ch\\\/index.php?lng=de<\\\/a>) werden zudem s\\u00e4mtliche f\\u00fcr die Nutzung der Windenergie relevanten Windmessdaten publiziert - auch von tempor\\u00e4ren Messungen aus Standortabkl\\u00e4rungen. Dies erlaubt mittelfristig eine gesicherte Datenlage im Sinne einer eigentli-chen Windenergiekarte der Schweiz.<\\\/p>\\n<\\\/div>\\n<\\\/div>\\n<\\\/div>\\n<\\\/div>\\n<\\\/main>\\n\n\n<section class=\\\"poweredby\\\">\\n\n\n<div class=\\\"container\\\">\\n\n\n<div class=\\\"row\\\">\\n\n\n<div class=\\\"col-sm-10 col-sm-offset-1\\\">\\n\n\n<ul class=\\\"powered-by\\\"><\\\/ul>\\n<\\\/div>\\n<\\\/div>\\n<\\\/div>\\n<\\\/section>\\n<\\\/div>\\n<\\\/div>\\n<\\\/div>\\n<\\\/div>\\n<\\\/main>\",\"margin\":\"default\",\"maxwidth\":\"2xlarge\",\"maxwidth_breakpoint\":\"l\"}}]}]}],\"name\":\"WEC - Home Intro\"}],\"version\":\"4.5.28\"} --><\/p>\n","protected":false},"excerpt":{"rendered":"<p>Wind Entwicklung Bis zu Beginn der 80-er Jahre besass die Nutzung der Windenergie nur noch eine sehr marginale Bedeutung. Einzig kleine (&lt; 5 kW) Windkraftanlagen wurden f\u00fcr die netzunabh\u00e4ngige Stromversorgung von Alp- und Bergh\u00fctten betrieben, welche aber zusehends durch die viel wartungsarmere Photovoltaik verdr\u00e4ngt wurden. Ausgehend vom ersten Windenergie-Boom in Kalifornien setzte weltweit eine rasante [&hellip;]<\/p>\n","protected":false},"author":1,"featured_media":0,"parent":3085,"menu_order":0,"comment_status":"closed","ping_status":"closed","template":"","meta":{"_acf_changed":false,"iawp_total_views":1,"footnotes":""},"class_list":["post-3089","page","type-page","status-publish","hentry"],"acf":[],"_links":{"self":[{"href":"https:\/\/www.worldenergy.ch\/fr\/wp-json\/wp\/v2\/pages\/3089","targetHints":{"allow":["GET"]}}],"collection":[{"href":"https:\/\/www.worldenergy.ch\/fr\/wp-json\/wp\/v2\/pages"}],"about":[{"href":"https:\/\/www.worldenergy.ch\/fr\/wp-json\/wp\/v2\/types\/page"}],"author":[{"embeddable":true,"href":"https:\/\/www.worldenergy.ch\/fr\/wp-json\/wp\/v2\/users\/1"}],"replies":[{"embeddable":true,"href":"https:\/\/www.worldenergy.ch\/fr\/wp-json\/wp\/v2\/comments?post=3089"}],"version-history":[{"count":2,"href":"https:\/\/www.worldenergy.ch\/fr\/wp-json\/wp\/v2\/pages\/3089\/revisions"}],"predecessor-version":[{"id":3103,"href":"https:\/\/www.worldenergy.ch\/fr\/wp-json\/wp\/v2\/pages\/3089\/revisions\/3103"}],"up":[{"embeddable":true,"href":"https:\/\/www.worldenergy.ch\/fr\/wp-json\/wp\/v2\/pages\/3085"}],"wp:attachment":[{"href":"https:\/\/www.worldenergy.ch\/fr\/wp-json\/wp\/v2\/media?parent=3089"}],"curies":[{"name":"wp","href":"https:\/\/api.w.org\/{rel}","templated":true}]}}