{"id":2915,"date":"2025-09-11T16:22:09","date_gmt":"2025-09-11T14:22:09","guid":{"rendered":"https:\/\/www.worldenergy.ch\/?page_id=2915"},"modified":"2025-09-30T09:26:00","modified_gmt":"2025-09-30T07:26:00","slug":"world-energy-scenarios","status":"publish","type":"page","link":"https:\/\/www.worldenergy.ch\/it\/publikationen\/wec-international\/world-energy-scenarios\/","title":{"rendered":"World Energy Scenarios"},"content":{"rendered":"<h1>World Energy Scenarios<\/h1>\n<div>Weltenergieszenarien | 2019: Europ\u00e4ische regionale Perspektiven<\/div>\n<div>\n<p>Die Szenarien bieten einen integrativen und strategischen Rahmen, der ein gro\u00dfangelegtes Denken erm\u00f6glicht. Sie sollen als Set verwendet werden, um zu erforschen und zu steuern, was passieren k\u00f6nnte, und einen qualitativ hochwertigeren globalen strategischen Dialog \u00fcber die Zukunft der Energiesysteme zu unterst\u00fctzen.<\/p>\n<p>Diese regional ausgerichteten Szenarien wurden unter Verwendung eines Gesamtkonzeptes des Weltenergierates erstellt, das vom Weltenergierat und seinem Szenarienpartner, dem Paul Scherrer Institut, entwickelt wurde.<\/p>\n<p>Der Bericht folgt einem mittelfristigen Zeithorizont von 2040 und konzentriert sich auf die europ\u00e4ische Region, zu der die EU31, Osteuropa und Russland geh\u00f6ren. Es untersucht drei plausible Wege f\u00fcr eine Region im<span>\u00a0<\/span><strong>Modern Jazz,<\/strong><span>\u00a0<\/span>in der<span>\u00a0<\/span><strong>Unvollendeten Symphonie<span>\u00a0<\/span><\/strong>und im<span>\u00a0<\/span><strong>Hard Rock<\/strong>, bietet vergleichende Analysen und eine breitere Sicht auf die &#8220;Verwendung&#8221; der Szenarien.<\/p>\n<p>Die regional fokussierten Szenarien wurden durch Erkenntnisse aus 15 tief greifenden, regional fokussierten F\u00fchrungsgespr\u00e4chen, regionalen Workshops in Paris, Berlin und Tallinn und umfangreichen Experteneins\u00e4tzen untermauert.<\/p>\n<\/div>\n<div>\n<p>        <img decoding=\"async\" src=\"\/wp-content\/uploads\/2025\/09\/World-Energy-Scenario_2019.jpeg\" alt=\"\"><\/p>\n<div>\n<p>Mehr Szenarien finden Sie hier:<\/p>\n<\/div>\n<p><a href=\"https:\/\/www.worldenergy.org\/publications\">Seite anzeigen<\/a><\/p>\n<\/div>\n<hr>\n<h2>Vorstellung der Szenarien<\/h2>\n<div>\n<p>Die im Oktober 2016 am Weltenergiekongress in Istanbul vorgestellten \u00fcberarbeiteten Szenarien bleiben bei der bisherigen Unterscheidung nach Auswirkungen von vorwiegend marktwirtschaftlich handelnden Unternehmen und starken und international abgestimmten Regierungsmassnahmen.<\/p>\n<p><strong>\u00abModern Jazz\u00bb<\/strong>: Dieses Szenario ist gekennzeichnet durch Marktmechanismen, technologische Innovationen und den Zugang aller zu gehandelter Energie.<\/p>\n<p><strong>\u00abUnfinished Symphony\u00bb<\/strong>: Hier spielen starke Politikmassnahmen, Langfristplanung und international abgestimmte Klimaaktionen die Hauptrolle.<\/p>\n<p><strong>\u00abHard Rock\u00bb<\/strong>: Dieses Szenario bedient in erster Linie die Anliegen aus lokaler und nationaler Sicht und erscheint daher vermeintlich als beste L\u00f6sung, f\u00fchrt aber zu einer insgesamt fragmentierten Energie- und Klimapolitik.<\/p>\n<p>Den drei Szenarien liegt ein Vergleich zwischen den letzten 45 Jahren (1970 bis heute) und den n\u00e4chsten 45 Jahren (bis 2060) zugrunde: Statt sich zu verdoppeln, wird die Weltbev\u00f6lkerung noch 1,4mal wachsen. Auch die Weltwirtschaft wird weniger stark wachsen. Technologisch kannten wir die Einf\u00fchrung der Kernenergie und von Erdgas sowie die F\u00f6rderung der neuen erneuerbaren Energien und die Verbreitung von Computern. Die n\u00e4chsten Jahre werden von Energieeffizienz, Integration der neuen Erneuerbaren, \u00abBig Data\u00bb, dezentralen Systemen und damit verbunden von einer gewandelten, weicheren Resilienz gezeichnet sein.<\/p>\n<\/div>\n<p><img decoding=\"async\" src=\"\/wp-content\/uploads\/2025\/09\/WECJ4716_Senarios_Summary_Report_061016_CHARTS-01-11.jpg\" alt=\"\"><\/p>\n<p><!--more--><br \/>\n<!-- {\"type\":\"layout\",\"children\":[{\"type\":\"section\",\"props\":{\"animation\":\"fade\",\"image_position\":\"center-center\",\"padding\":\"large\",\"padding_remove_bottom\":false,\"style\":\"default\",\"title_breakpoint\":\"xl\",\"title_position\":\"top-left\",\"title_rotation\":\"left\",\"vertical_align\":\"\",\"width\":\"large\"},\"children\":[{\"type\":\"row\",\"props\":{\"column_gap\":\"large\",\"layout\":\"1-3,2-3\"},\"children\":[{\"type\":\"column\",\"props\":{\"image_position\":\"center-center\",\"position_sticky_breakpoint\":\"m\",\"width_medium\":\"1-3\",\"width_xlarge\":\"1-3\"},\"children\":[{\"type\":\"module\",\"props\":{\"menu_image_align\":\"center\",\"menu_image_margin\":true,\"menu_style\":\"primary\",\"menu_type\":\"nav\",\"position_left\":\"0\",\"type\":\"nav_menu\",\"widget\":\"nav_menu-2\"},\"name\":\"WEC - SideNav\"}]},{\"type\":\"column\",\"props\":{\"image_position\":\"center-center\",\"position_sticky_breakpoint\":\"m\",\"width_medium\":\"2-3\",\"width_xlarge\":\"2-3\"},\"children\":[{\"type\":\"headline\",\"props\":{\"content\":\"World Energy Scenarios\",\"title_element\":\"h1\",\"title_style\":\"heading-small\"}},{\"type\":\"text\",\"props\":{\"column_breakpoint\":\"m\",\"content\":\"Weltenergieszenarien | 2019: Europ\\u00e4ische regionale Perspektiven\",\"margin\":\"default\",\"maxwidth\":\"2xlarge\",\"maxwidth_breakpoint\":\"l\",\"text_style\":\"lead\"}},{\"type\":\"text\",\"props\":{\"column_breakpoint\":\"m\",\"content\":\"\n\n<p>Die Szenarien bieten einen integrativen und strategischen Rahmen, der ein gro\\u00dfangelegtes Denken erm\\u00f6glicht. Sie sollen als Set verwendet werden, um zu erforschen und zu steuern, was passieren k\\u00f6nnte, und einen qualitativ hochwertigeren globalen strategischen Dialog \\u00fcber die Zukunft der Energiesysteme zu unterst\\u00fctzen.<\\\/p>\\n\n\n<p>Diese regional ausgerichteten Szenarien wurden unter Verwendung eines Gesamtkonzeptes des Weltenergierates erstellt, das vom Weltenergierat und seinem Szenarienpartner, dem Paul Scherrer Institut, entwickelt wurde.<\\\/p>\\n\n\n<p>Der Bericht folgt einem mittelfristigen Zeithorizont von 2040 und konzentriert sich auf die europ\\u00e4ische Region, zu der die EU31, Osteuropa und Russland geh\\u00f6ren. Es untersucht drei plausible Wege f\\u00fcr eine Region im<span>\\u00a0<\\\/span><strong>Modern Jazz,<\\\/strong><span>\\u00a0<\\\/span>in der<span>\\u00a0<\\\/span><strong>Unvollendeten Symphonie<span>\\u00a0<\\\/span><\\\/strong>und im<span>\\u00a0<\\\/span><strong>Hard Rock<\\\/strong>, bietet vergleichende Analysen und eine breitere Sicht auf die \\\"Verwendung\\\" der Szenarien.<\\\/p>\\n\n\n<p>Die regional fokussierten Szenarien wurden durch Erkenntnisse aus 15 tief greifenden, regional fokussierten F\\u00fchrungsgespr\\u00e4chen, regionalen Workshops in Paris, Berlin und Tallinn und umfangreichen Experteneins\\u00e4tzen untermauert.<\\\/p>\",\"margin\":\"default\",\"maxwidth\":\"2xlarge\",\"maxwidth_breakpoint\":\"l\"}},{\"type\":\"panel\",\"props\":{\"content\":\"\n\n<p>Mehr Szenarien finden Sie hier:<\\\/p>\",\"content_column_breakpoint\":\"m\",\"icon_width\":80,\"image\":\"wp-content\\\/uploads\\\/2025\\\/09\\\/World-Energy-Scenario_2019.jpeg\",\"image_align\":\"left\",\"image_grid_breakpoint\":\"m\",\"image_grid_width\":\"1-5\",\"image_svg_color\":\"emphasis\",\"link\":\"https:\\\/\\\/www.worldenergy.org\\\/publications\",\"link_style\":\"primary\",\"link_target\":true,\"link_text\":\"Seite anzeigen\",\"margin\":\"default\",\"meta_align\":\"below-title\",\"meta_element\":\"div\",\"meta_style\":\"text-meta\",\"panel_image_no_padding\":true,\"panel_padding\":\"default\",\"panel_style\":\"card-default\",\"title_align\":\"top\",\"title_element\":\"h3\",\"title_grid_breakpoint\":\"m\",\"title_grid_width\":\"1-2\",\"title_hover_style\":\"reset\"},\"name\":\"Download Panel mit Bild\"},{\"type\":\"divider\",\"props\":{\"divider_element\":\"hr\"}},{\"type\":\"headline\",\"props\":{\"content\":\"Vorstellung der Szenarien\",\"title_element\":\"h2\",\"title_style\":\"h2\"}},{\"type\":\"text\",\"props\":{\"column_breakpoint\":\"m\",\"content\":\"\n\n<p>Die im Oktober 2016 am Weltenergiekongress in Istanbul vorgestellten \\u00fcberarbeiteten Szenarien bleiben bei der bisherigen Unterscheidung nach Auswirkungen von vorwiegend marktwirtschaftlich handelnden Unternehmen und starken und international abgestimmten Regierungsmassnahmen.<\\\/p>\\n\n\n<p><strong>\\u00abModern Jazz\\u00bb<\\\/strong>: Dieses Szenario ist gekennzeichnet durch Marktmechanismen, technologische Innovationen und den Zugang aller zu gehandelter Energie.<\\\/p>\\n\n\n<p><strong>\\u00abUnfinished Symphony\\u00bb<\\\/strong>: Hier spielen starke Politikmassnahmen, Langfristplanung und international abgestimmte Klimaaktionen die Hauptrolle.<\\\/p>\\n\n\n<p><strong>\\u00abHard Rock\\u00bb<\\\/strong>: Dieses Szenario bedient in erster Linie die Anliegen aus lokaler und nationaler Sicht und erscheint daher vermeintlich als beste L\\u00f6sung, f\\u00fchrt aber zu einer insgesamt fragmentierten Energie- und Klimapolitik.<\\\/p>\\n\n\n<p>Den drei Szenarien liegt ein Vergleich zwischen den letzten 45 Jahren (1970 bis heute) und den n\\u00e4chsten 45 Jahren (bis 2060) zugrunde: Statt sich zu verdoppeln, wird die Weltbev\\u00f6lkerung noch 1,4mal wachsen. Auch die Weltwirtschaft wird weniger stark wachsen. Technologisch kannten wir die Einf\\u00fchrung der Kernenergie und von Erdgas sowie die F\\u00f6rderung der neuen erneuerbaren Energien und die Verbreitung von Computern. Die n\\u00e4chsten Jahre werden von Energieeffizienz, Integration der neuen Erneuerbaren, \\u00abBig Data\\u00bb, dezentralen Systemen und damit verbunden von einer gewandelten, weicheren Resilienz gezeichnet sein.<\\\/p>\",\"margin\":\"default\",\"maxwidth\":\"2xlarge\",\"maxwidth_breakpoint\":\"l\"}},{\"type\":\"image\",\"props\":{\"image\":\"wp-content\\\/uploads\\\/2025\\\/09\\\/WECJ4716_Senarios_Summary_Report_061016_CHARTS-01-11.jpg\",\"image_svg_color\":\"emphasis\",\"margin\":\"default\"}}]}]}],\"name\":\"WEC - Home Intro\"}],\"version\":\"4.5.28\"} --><\/p>\n","protected":false},"excerpt":{"rendered":"<p>World Energy Scenarios Weltenergieszenarien | 2019: Europ\u00e4ische regionale Perspektiven Die Szenarien bieten einen integrativen und strategischen Rahmen, der ein gro\u00dfangelegtes Denken erm\u00f6glicht. Sie sollen als Set verwendet werden, um zu erforschen und zu steuern, was passieren k\u00f6nnte, und einen qualitativ hochwertigeren globalen strategischen Dialog \u00fcber die Zukunft der Energiesysteme zu unterst\u00fctzen. Diese regional ausgerichteten Szenarien [&hellip;]<\/p>\n","protected":false},"author":1,"featured_media":0,"parent":2909,"menu_order":0,"comment_status":"closed","ping_status":"closed","template":"","meta":{"_acf_changed":false,"iawp_total_views":2,"footnotes":""},"class_list":["post-2915","page","type-page","status-publish","hentry"],"acf":[],"_links":{"self":[{"href":"https:\/\/www.worldenergy.ch\/it\/wp-json\/wp\/v2\/pages\/2915","targetHints":{"allow":["GET"]}}],"collection":[{"href":"https:\/\/www.worldenergy.ch\/it\/wp-json\/wp\/v2\/pages"}],"about":[{"href":"https:\/\/www.worldenergy.ch\/it\/wp-json\/wp\/v2\/types\/page"}],"author":[{"embeddable":true,"href":"https:\/\/www.worldenergy.ch\/it\/wp-json\/wp\/v2\/users\/1"}],"replies":[{"embeddable":true,"href":"https:\/\/www.worldenergy.ch\/it\/wp-json\/wp\/v2\/comments?post=2915"}],"version-history":[{"count":6,"href":"https:\/\/www.worldenergy.ch\/it\/wp-json\/wp\/v2\/pages\/2915\/revisions"}],"predecessor-version":[{"id":3055,"href":"https:\/\/www.worldenergy.ch\/it\/wp-json\/wp\/v2\/pages\/2915\/revisions\/3055"}],"up":[{"embeddable":true,"href":"https:\/\/www.worldenergy.ch\/it\/wp-json\/wp\/v2\/pages\/2909"}],"wp:attachment":[{"href":"https:\/\/www.worldenergy.ch\/it\/wp-json\/wp\/v2\/media?parent=2915"}],"curies":[{"name":"wp","href":"https:\/\/api.w.org\/{rel}","templated":true}]}}