{"id":2959,"date":"2025-09-11T17:16:59","date_gmt":"2025-09-11T15:16:59","guid":{"rendered":"https:\/\/www.worldenergy.ch\/?page_id=2959"},"modified":"2025-10-07T16:13:58","modified_gmt":"2025-10-07T14:13:58","slug":"energie-und-klimapolitik-der-eu","status":"publish","type":"page","link":"https:\/\/www.worldenergy.ch\/it\/publikationen\/wec-switzerland\/energie-und-klimapolitik-der-eu\/","title":{"rendered":"Energie- und Klimapolitik der EU"},"content":{"rendered":"<h1>Die Energie- und Klimapolitik der EU<\/h1>\n<div>\n<p>Die Energie- und Klimapolitik der Europ\u00e4ischen Union erfuhr in den vergangenen Jahren einen dynamischen Wandel. Die Ziele bis 2020 wurden mit einem Rahmen bis 2030 erg\u00e4nzt. Die f\u00fcr die EU wirtschaftlich und politisch wichtige Integration des Energiebinnenmarktes wurde mit zus\u00e4tzlichen finanziellen Mitteln und rechtlichen Vorst\u00f6ssen weiter vorangetrieben. Gleichzeitig ist eine weitere Entwicklung im Gange: Unter der Leitung des Kommissionspr\u00e4sidenten Jean-Claude Juncker wurde die Gr\u00fcndung einer Energieunion, anhand welcher die energie- und klimapolitischen Kompetenzen geb\u00fcndelt\u00a0und auf eine einheitliche Art und Weise koordiniert werden sollen, initiiert. Ihr Ziel ist die Versorgung der EU mit \u00absicherer, nachhaltiger, auf Wettbewerbsbasis erzeugter und erschwinglicher Energie\u00bb.<\/p>\n<p>Die\u00a0<strong>Publikation \u00abDie Energie- und Klimapolitik der Europ\u00e4ischen Union\u00a0<\/strong>\u2013<br \/><strong>Grundlagen, Strategien und Rechtspakete\u00bb des Schweizerischen Energierats<\/strong>\u00a0soll die verschiedenen Bestandteile der europ\u00e4ischen Energie- und Klimapolitik m\u00f6glichst umfassend darstellen und die Inhalten dadurch einem interessierten Publikum schnell und \u00fcbersichtlich vermitteln.<\/p>\n<p>Um sich \u00fcber die Inhalte dieser Publikation hinaus informieren zu k\u00f6nnen, werden mit Hilfe von K\u00e4sten weiterf\u00fchrende Informationen, Dokumente, Rechtstexte und Links angeboten. Die hier zug\u00e4ngliche elektronische Version der Publikation bietet Direkt-links zu Internetseiten und Dokumenten.<\/p>\n<\/div>\n<p><p>\n        <a href=\"https:\/\/european-union.europa.eu\/priorities-and-actions\/actions-topic\/energy_de\">Die Energie- und Klimapolitik der Europ\u00e4ischen Union<\/a>\n    <\/p>\n<\/p>\n<p><!--more--><br \/>\n<!-- {\"type\":\"layout\",\"children\":[{\"type\":\"section\",\"props\":{\"animation\":\"fade\",\"image_position\":\"center-center\",\"padding\":\"large\",\"padding_remove_bottom\":false,\"style\":\"default\",\"title_breakpoint\":\"xl\",\"title_position\":\"top-left\",\"title_rotation\":\"left\",\"vertical_align\":\"\",\"width\":\"large\"},\"children\":[{\"type\":\"row\",\"props\":{\"column_gap\":\"large\",\"layout\":\"1-3,2-3\"},\"children\":[{\"type\":\"column\",\"props\":{\"image_position\":\"center-center\",\"position_sticky_breakpoint\":\"m\",\"width_medium\":\"1-3\",\"width_xlarge\":\"1-3\"},\"children\":[{\"type\":\"module\",\"props\":{\"menu_image_align\":\"center\",\"menu_image_margin\":true,\"menu_style\":\"primary\",\"menu_type\":\"nav\",\"position_left\":\"0\",\"type\":\"nav_menu\",\"widget\":\"nav_menu-2\"},\"name\":\"WEC - SideNav\"}]},{\"type\":\"column\",\"props\":{\"image_position\":\"center-center\",\"position_sticky_breakpoint\":\"m\",\"width_medium\":\"2-3\",\"width_xlarge\":\"2-3\"},\"children\":[{\"type\":\"headline\",\"props\":{\"content\":\"Die Energie- und Klimapolitik der EU\",\"title_element\":\"h1\",\"title_style\":\"heading-small\"}},{\"type\":\"text\",\"props\":{\"column_breakpoint\":\"m\",\"content\":\"\n\n<p>Die Energie- und Klimapolitik der Europ\\u00e4ischen Union erfuhr in den vergangenen Jahren einen dynamischen Wandel. Die Ziele bis 2020 wurden mit einem Rahmen bis 2030 erg\\u00e4nzt. Die f\\u00fcr die EU wirtschaftlich und politisch wichtige Integration des Energiebinnenmarktes wurde mit zus\\u00e4tzlichen finanziellen Mitteln und rechtlichen Vorst\\u00f6ssen weiter vorangetrieben. Gleichzeitig ist eine weitere Entwicklung im Gange: Unter der Leitung des Kommissionspr\\u00e4sidenten Jean-Claude Juncker wurde die Gr\\u00fcndung einer Energieunion, anhand welcher die energie- und klimapolitischen Kompetenzen geb\\u00fcndelt\\u00a0und auf eine einheitliche Art und Weise koordiniert werden sollen, initiiert. Ihr Ziel ist die Versorgung der EU mit \\u00absicherer, nachhaltiger, auf Wettbewerbsbasis erzeugter und erschwinglicher Energie\\u00bb.<\\\/p>\\n\n\n<p>Die\\u00a0<strong>Publikation \\u00abDie Energie- und Klimapolitik der Europ\\u00e4ischen Union\\u00a0<\\\/strong>\\u2013<br \\\/><strong>Grundlagen, Strategien und Rechtspakete\\u00bb des Schweizerischen Energierats<\\\/strong>\\u00a0soll die verschiedenen Bestandteile der europ\\u00e4ischen Energie- und Klimapolitik m\\u00f6glichst umfassend darstellen und die Inhalten dadurch einem interessierten Publikum schnell und \\u00fcbersichtlich vermitteln.<\\\/p>\\n\n\n<p>Um sich \\u00fcber die Inhalte dieser Publikation hinaus informieren zu k\\u00f6nnen, werden mit Hilfe von K\\u00e4sten weiterf\\u00fchrende Informationen, Dokumente, Rechtstexte und Links angeboten. Die hier zug\\u00e4ngliche elektronische Version der Publikation bietet Direkt-links zu Internetseiten und Dokumenten.<\\\/p>\",\"margin\":\"default\",\"maxwidth\":\"2xlarge\",\"maxwidth_breakpoint\":\"l\"}},{\"type\":\"button\",\"props\":{\"animation\":\"slide-bottom-small\",\"grid_column_gap\":\"small\",\"grid_row_gap\":\"small\",\"margin\":\"medium\"},\"children\":[{\"type\":\"button_item\",\"props\":{\"button_style\":\"primary\",\"content\":\"Die Energie- und Klimapolitik der Europ\\u00e4ischen Union\",\"dialog_layout\":\"modal\",\"dialog_offcanvas_flip\":true,\"icon\":\"arrow-right\",\"icon_align\":\"left\",\"link\":\"https:\\\/\\\/european-union.europa.eu\\\/priorities-and-actions\\\/actions-topic\\\/energy_de\",\"link_target\":\"blank\",\"link_title\":\"Contact\"}}]}]}]},{\"type\":\"row\",\"props\":{\"margin\":\"xlarge\",\"status\":\"disabled\"},\"children\":[{\"type\":\"column\",\"props\":{\"image_position\":\"center-center\",\"position_sticky_breakpoint\":\"m\"},\"children\":[{\"type\":\"grid\",\"props\":{\"animation\":\"none\",\"content_column_breakpoint\":\"m\",\"filter_align\":\"left\",\"filter_all\":true,\"filter_grid_breakpoint\":\"m\",\"filter_grid_width\":\"auto\",\"filter_position\":\"top\",\"filter_style\":\"tab\",\"grid_column_gap\":\"small\",\"grid_default\":\"1\",\"grid_medium\":\"\",\"grid_row_gap\":\"small\",\"grid_small\":\"2\",\"icon_width\":80,\"image_align\":\"top\",\"image_grid_breakpoint\":\"m\",\"image_grid_width\":\"1-2\",\"image_svg_color\":\"emphasis\",\"image_width\":\"700\",\"item_animation\":true,\"lightbox_bg_close\":true,\"link_style\":\"default\",\"link_text\":\"Read more\",\"margin\":\"default\",\"meta_align\":\"below-title\",\"meta_element\":\"div\",\"meta_style\":\"text-meta\",\"parallax_easing\":\"1\",\"show_content\":true,\"show_hover_image\":true,\"show_hover_video\":true,\"show_image\":true,\"show_link\":true,\"show_meta\":true,\"show_title\":true,\"show_video\":true,\"title_align\":\"top\",\"title_element\":\"h3\",\"title_grid_breakpoint\":\"m\",\"title_grid_width\":\"1-2\",\"title_hover_style\":\"reset\"},\"children\":[{\"type\":\"grid_item\",\"props\":{\"image\":\"wp-content\\\/uploads\\\/yootheme\\\/landing-page-about-01.jpg\"}},{\"type\":\"grid_item\",\"props\":{\"image\":\"wp-content\\\/uploads\\\/yootheme\\\/landing-page-about-02.jpg\"}}]}]}]}],\"name\":\"WEC - Home Intro\"}],\"version\":\"4.5.28\"} --><\/p>\n","protected":false},"excerpt":{"rendered":"<p>Die Energie- und Klimapolitik der EU Die Energie- und Klimapolitik der Europ\u00e4ischen Union erfuhr in den vergangenen Jahren einen dynamischen Wandel. Die Ziele bis 2020 wurden mit einem Rahmen bis 2030 erg\u00e4nzt. Die f\u00fcr die EU wirtschaftlich und politisch wichtige Integration des Energiebinnenmarktes wurde mit zus\u00e4tzlichen finanziellen Mitteln und rechtlichen Vorst\u00f6ssen weiter vorangetrieben. Gleichzeitig ist [&hellip;]<\/p>\n","protected":false},"author":1,"featured_media":0,"parent":2907,"menu_order":0,"comment_status":"closed","ping_status":"closed","template":"","meta":{"_acf_changed":false,"iawp_total_views":5,"footnotes":""},"class_list":["post-2959","page","type-page","status-publish","hentry"],"acf":[],"_links":{"self":[{"href":"https:\/\/www.worldenergy.ch\/it\/wp-json\/wp\/v2\/pages\/2959","targetHints":{"allow":["GET"]}}],"collection":[{"href":"https:\/\/www.worldenergy.ch\/it\/wp-json\/wp\/v2\/pages"}],"about":[{"href":"https:\/\/www.worldenergy.ch\/it\/wp-json\/wp\/v2\/types\/page"}],"author":[{"embeddable":true,"href":"https:\/\/www.worldenergy.ch\/it\/wp-json\/wp\/v2\/users\/1"}],"replies":[{"embeddable":true,"href":"https:\/\/www.worldenergy.ch\/it\/wp-json\/wp\/v2\/comments?post=2959"}],"version-history":[{"count":4,"href":"https:\/\/www.worldenergy.ch\/it\/wp-json\/wp\/v2\/pages\/2959\/revisions"}],"predecessor-version":[{"id":3118,"href":"https:\/\/www.worldenergy.ch\/it\/wp-json\/wp\/v2\/pages\/2959\/revisions\/3118"}],"up":[{"embeddable":true,"href":"https:\/\/www.worldenergy.ch\/it\/wp-json\/wp\/v2\/pages\/2907"}],"wp:attachment":[{"href":"https:\/\/www.worldenergy.ch\/it\/wp-json\/wp\/v2\/media?parent=2959"}],"curies":[{"name":"wp","href":"https:\/\/api.w.org\/{rel}","templated":true}]}}