{"id":3012,"date":"2025-09-11T17:53:00","date_gmt":"2025-09-11T15:53:00","guid":{"rendered":"https:\/\/www.worldenergy.ch\/?page_id=3012"},"modified":"2025-09-30T09:23:10","modified_gmt":"2025-09-30T07:23:10","slug":"statistik","status":"publish","type":"page","link":"https:\/\/www.worldenergy.ch\/it\/publikationen\/wec-switzerland\/energiestatistik-schweiz-ab-1910\/statistik\/","title":{"rendered":"Statistik"},"content":{"rendered":"<h1>Statistik<\/h1>\n<h1>Bruttoverbrauch der Energietr\u00e4ger<\/h1>\n<div>Bruttoverbrauch der Energietr\u00e4ger<\/div>\n<div>Die gesamte Excel-Datei sowie eine gr\u00f6ssere Version der Grafik als PDF k\u00f6nnen hier heruntergeladen werden:<\/div>\n<p><p>\n        <a href=\"#\">Tabelle und Grafik als Excel<\/a>\n    <\/p>\n<\/p>\n<p><img decoding=\"async\" src=\"\/wp-content\/uploads\/2025\/09\/Bruttoenergieverbrauch-1910-2024.png\" alt=\"\"><\/p>\n<hr>\n<h2>Endenergieverbrauch<\/h2>\n<div>\n<p><span>Die Gesamte Excel-Datei sowie eine gr\u00f6ssere Version der Grafik als PDF k\u00f6nnen hier herunter geladen werden:<\/span><\/p>\n<\/div>\n<p><p>\n        <a href=\"\/wp-content\/uploads\/2025\/09\/20250815_endverbrauch_d_GEST2024.xlsx\">Tabelle und Grafik als Excel<\/a>\n    <\/p>\n<\/p>\n<p><img decoding=\"async\" src=\"\/wp-content\/uploads\/2025\/09\/Endverbrauch-nach-Energietraegern-1910-2024.png\" alt=\"\"><\/p>\n<hr>\n<h2>Endverbrauch nach Verbrauchergruppen<\/h2>\n<div>\n<p><span>Die gesamte Excel-Datei und eine gr\u00f6ssere Version der Grafik als PDF k\u00f6nnen hier herunter geladen werden:<\/span><\/p>\n<\/div>\n<p><p>\n        <a href=\"\/wp-content\/uploads\/2025\/09\/20250815_verbraucher_d_GEST2024_Var.xlsx\">Tabelle und Grafik als Excel<\/a>\n    <\/p>\n<\/p>\n<p><img decoding=\"async\" src=\"\/wp-content\/uploads\/2025\/09\/Verteilergruppen.png\" alt=\"\"><\/p>\n<p><!--more--><br \/>\n<!-- {\"type\":\"layout\",\"children\":[{\"type\":\"section\",\"props\":{\"animation\":\"fade\",\"image_position\":\"center-center\",\"padding\":\"large\",\"padding_remove_bottom\":false,\"style\":\"default\",\"title_breakpoint\":\"xl\",\"title_position\":\"top-left\",\"title_rotation\":\"left\",\"vertical_align\":\"\",\"width\":\"large\"},\"children\":[{\"type\":\"row\",\"props\":{\"column_gap\":\"large\",\"layout\":\"1-3,2-3\"},\"children\":[{\"type\":\"column\",\"props\":{\"image_position\":\"center-center\",\"position_sticky_breakpoint\":\"m\",\"width_medium\":\"1-3\",\"width_xlarge\":\"1-3\"},\"children\":[{\"type\":\"module\",\"props\":{\"menu_image_align\":\"center\",\"menu_image_margin\":true,\"menu_style\":\"primary\",\"menu_type\":\"nav\",\"position_left\":\"0\",\"type\":\"nav_menu\",\"widget\":\"nav_menu-2\"}}]},{\"type\":\"column\",\"props\":{\"image_position\":\"center-center\",\"position_sticky_breakpoint\":\"m\",\"width_medium\":\"2-3\",\"width_xlarge\":\"2-3\"},\"children\":[{\"type\":\"headline\",\"props\":{\"content\":\"Statistik\",\"title_element\":\"h1\",\"title_style\":\"heading-small\"}},{\"type\":\"headline\",\"props\":{\"content\":\"Bruttoverbrauch der Energietr\\u00e4ger\",\"title_element\":\"h1\",\"title_style\":\"h2\"}},{\"type\":\"text\",\"props\":{\"column_breakpoint\":\"m\",\"content\":\"Bruttoverbrauch der Energietr\\u00e4ger\",\"margin\":\"default\",\"maxwidth\":\"2xlarge\",\"maxwidth_breakpoint\":\"l\",\"text_style\":\"lead\"}},{\"type\":\"text\",\"props\":{\"column_breakpoint\":\"m\",\"content\":\"Die gesamte Excel-Datei sowie eine gr\\u00f6ssere Version der Grafik als PDF k\\u00f6nnen hier heruntergeladen werden:\",\"margin\":\"default\",\"maxwidth\":\"2xlarge\",\"maxwidth_breakpoint\":\"l\"}},{\"type\":\"button\",\"props\":{\"animation\":\"slide-bottom-small\",\"grid_column_gap\":\"small\",\"grid_row_gap\":\"small\",\"margin\":\"medium\"},\"children\":[{\"type\":\"button_item\",\"props\":{\"button_style\":\"primary\",\"content\":\"Tabelle und Grafik als Excel\",\"dialog_layout\":\"modal\",\"dialog_offcanvas_flip\":true,\"icon\":\"cloud-download\",\"icon_align\":\"left\",\"link\":\"#\",\"link_target\":\"blank\"}}]},{\"type\":\"image\",\"props\":{\"image\":\"wp-content\\\/uploads\\\/2025\\\/09\\\/Bruttoenergieverbrauch-1910-2024.png\",\"image_svg_color\":\"emphasis\",\"margin\":\"default\"}},{\"type\":\"divider\",\"props\":{\"divider_element\":\"hr\"}},{\"type\":\"headline\",\"props\":{\"content\":\"Endenergieverbrauch\",\"title_element\":\"h2\",\"title_style\":\"h2\"}},{\"type\":\"text\",\"props\":{\"column_breakpoint\":\"m\",\"content\":\"\n\n<p><span>Die Gesamte Excel-Datei sowie eine gr\\u00f6ssere Version der Grafik als PDF k\\u00f6nnen hier herunter geladen werden:<\\\/span><\\\/p>\",\"margin\":\"default\",\"maxwidth\":\"2xlarge\",\"maxwidth_breakpoint\":\"l\"}},{\"type\":\"button\",\"props\":{\"animation\":\"slide-bottom-small\",\"grid_column_gap\":\"small\",\"grid_row_gap\":\"small\",\"margin\":\"medium\"},\"children\":[{\"type\":\"button_item\",\"props\":{\"button_style\":\"primary\",\"content\":\"Tabelle und Grafik als Excel\",\"dialog_layout\":\"modal\",\"dialog_offcanvas_flip\":true,\"icon\":\"cloud-download\",\"icon_align\":\"left\",\"link\":\"wp-content\\\/uploads\\\/2025\\\/09\\\/20250815_endverbrauch_d_GEST2024.xlsx\",\"link_target\":\"blank\"}}]},{\"type\":\"image\",\"props\":{\"image\":\"wp-content\\\/uploads\\\/2025\\\/09\\\/Endverbrauch-nach-Energietraegern-1910-2024.png\",\"image_svg_color\":\"emphasis\",\"margin\":\"default\"}},{\"type\":\"divider\",\"props\":{\"divider_element\":\"hr\"}},{\"type\":\"headline\",\"props\":{\"content\":\"Endverbrauch nach Verbrauchergruppen\",\"title_element\":\"h2\",\"title_style\":\"h2\"}},{\"type\":\"text\",\"props\":{\"column_breakpoint\":\"m\",\"content\":\"\n\n<p><span>Die gesamte Excel-Datei und eine gr\\u00f6ssere Version der Grafik als PDF k\\u00f6nnen hier herunter geladen werden:<\\\/span><\\\/p>\",\"margin\":\"default\",\"maxwidth\":\"2xlarge\",\"maxwidth_breakpoint\":\"l\"}},{\"type\":\"button\",\"props\":{\"animation\":\"slide-bottom-small\",\"grid_column_gap\":\"small\",\"grid_row_gap\":\"small\",\"margin\":\"medium\"},\"children\":[{\"type\":\"button_item\",\"props\":{\"button_style\":\"primary\",\"content\":\"Tabelle und Grafik als Excel\",\"dialog_layout\":\"modal\",\"dialog_offcanvas_flip\":true,\"icon\":\"cloud-download\",\"icon_align\":\"left\",\"link\":\"wp-content\\\/uploads\\\/2025\\\/09\\\/20250815_verbraucher_d_GEST2024_Var.xlsx\",\"link_target\":\"blank\"}}]},{\"type\":\"image\",\"props\":{\"image\":\"wp-content\\\/uploads\\\/2025\\\/09\\\/Verteilergruppen.png\",\"image_svg_color\":\"emphasis\",\"margin\":\"default\"}}]}]}],\"name\":\"WEC - Home Intro\"}],\"version\":\"4.5.28\"} --><\/p>\n","protected":false},"excerpt":{"rendered":"<p>Statistik Bruttoverbrauch der Energietr\u00e4ger Bruttoverbrauch der Energietr\u00e4ger Die gesamte Excel-Datei sowie eine gr\u00f6ssere Version der Grafik als PDF k\u00f6nnen hier heruntergeladen werden: Tabelle und Grafik als Excel Endenergieverbrauch Die Gesamte Excel-Datei sowie eine gr\u00f6ssere Version der Grafik als PDF k\u00f6nnen hier herunter geladen werden: Tabelle und Grafik als Excel Endverbrauch nach Verbrauchergruppen Die gesamte Excel-Datei [&hellip;]<\/p>\n","protected":false},"author":1,"featured_media":0,"parent":2957,"menu_order":0,"comment_status":"closed","ping_status":"closed","template":"","meta":{"_acf_changed":false,"iawp_total_views":45,"footnotes":""},"class_list":["post-3012","page","type-page","status-publish","hentry"],"acf":[],"_links":{"self":[{"href":"https:\/\/www.worldenergy.ch\/it\/wp-json\/wp\/v2\/pages\/3012","targetHints":{"allow":["GET"]}}],"collection":[{"href":"https:\/\/www.worldenergy.ch\/it\/wp-json\/wp\/v2\/pages"}],"about":[{"href":"https:\/\/www.worldenergy.ch\/it\/wp-json\/wp\/v2\/types\/page"}],"author":[{"embeddable":true,"href":"https:\/\/www.worldenergy.ch\/it\/wp-json\/wp\/v2\/users\/1"}],"replies":[{"embeddable":true,"href":"https:\/\/www.worldenergy.ch\/it\/wp-json\/wp\/v2\/comments?post=3012"}],"version-history":[{"count":9,"href":"https:\/\/www.worldenergy.ch\/it\/wp-json\/wp\/v2\/pages\/3012\/revisions"}],"predecessor-version":[{"id":3052,"href":"https:\/\/www.worldenergy.ch\/it\/wp-json\/wp\/v2\/pages\/3012\/revisions\/3052"}],"up":[{"embeddable":true,"href":"https:\/\/www.worldenergy.ch\/it\/wp-json\/wp\/v2\/pages\/2957"}],"wp:attachment":[{"href":"https:\/\/www.worldenergy.ch\/it\/wp-json\/wp\/v2\/media?parent=3012"}],"curies":[{"name":"wp","href":"https:\/\/api.w.org\/{rel}","templated":true}]}}