{"id":3069,"date":"2025-09-30T09:41:44","date_gmt":"2025-09-30T07:41:44","guid":{"rendered":"https:\/\/www.worldenergy.ch\/?page_id=3069"},"modified":"2025-09-30T09:50:56","modified_gmt":"2025-09-30T07:50:56","slug":"muell-und-industrieabfaelle","status":"publish","type":"page","link":"https:\/\/www.worldenergy.ch\/it\/publikationen\/wec-switzerland\/energiestatistik-schweiz-ab-1910\/energietraeger\/muell-und-industrieabfaelle\/","title":{"rendered":"M\u00fcll und Industrieabf\u00e4lle"},"content":{"rendered":"<h1>M\u00fcll und Industrieabf\u00e4lle<\/h1>\n<h2>Entwicklung<\/h2>\n<div>\n<p>Die energetische Verwendung von Abf\u00e4llen spielte seit jeher eine Rolle in der Energieversorgung, doch war sie vor allem auf den Eigenverbrauch beschr\u00e4nkt. Einige der \u00e4lteren Kehrichtverbrennungsanlagen waren allerdings mit Fernw\u00e4rmenetzen verbunden, und in kleinerem Umfang wurde auch noch Elektrizit\u00e4t hergestellt. M\u00fcll wird normalerweise nur als Prim\u00e4renergietr\u00e4ger verwendet, um daraus Fernw\u00e4rme oder Strom herzustellen, w\u00e4hrend Industrieabf\u00e4lle meist als Endenergietr\u00e4ger dienen.<\/p>\n<p>Von 1978-1980 war die so gewonnene Bruttoenergiemenge mit 8&#8217;400 TJ bzw. 10&#8217;100 TJ noch in der gleichen Gr\u00f6ssenordnung wie etwa jene aus Holz, doch steigerte sie sich sehr rasch und war 1985 mit 20 390 TJ ann\u00e4hernd doppelt so gross und damit klar zweitwichtigste einheimische Primarenergie. Die Steigerung ist zu einem grossen Teil auf den Ausbau von \u00f6ffentlichen M\u00fcllverbrennungsanlagen zur\u00fcckzuf\u00fchren, die in fr\u00fcheren Jahren oftmals ohne Energienutzungsm\u00f6glichkeit erstellt worden waren. Im Jahre 1985 wurde etwa die H\u00e4lfte des anfallenden M\u00fclls energetisch genutzt. Die Gewinnung von Endenergie aus Industrieabf\u00e4llen stieg von 3&#8217;600 TJ im Jahre 1978 auf 6&#8217;400 TJ im Jahre 1985.<\/p>\n<\/div>\n<hr>\n<h2>Statistische Methodik<\/h2>\n<div><main><\/p>\n<div class=\"container\">\n<div class=\"row\">\n<div class=\"main-content col-md-8\">\n<div class=\"templateContent\"><main><\/p>\n<div class=\"container\">\n<div class=\"row\">\n<div class=\"main-content col-md-8\">\n<div class=\"templateContent\">\n<p>Statistiken \u00fcber die energetische Verwendung von M\u00fcll und Industrieabf\u00e4llen wurden erst ab Mitte der 70er Jahre im Rahmen der Eidgen\u00f6ssischen Kommission f\u00fcr die Gesamtenergiekonzeption (GEK) erstellt, wobei einerseits vom Energiekonsumentenverband (EKV) bei der Industrie, anderseits direkt bei den \u00f6ffentlichen Kehrichtverbrennungsanlagen durch eine Umfrage die gewonnene Energiemenge ermittelt wurde. Ab 1978 waren die Resultate so vollst\u00e4ndig, dass sie publiziert werden konnten. Den gr\u00f6ssten Anteil bei der Industrie lieferte die Chemie, mit Abstand gefolgt von der Papierindustrie. Die Abf\u00e4lle bei der Holzverarbeitung werden als Holz erfasst. Der Heizwert von Abf\u00e4llen und M\u00fcll schwankt ausserordentlich stark, so dass die Statistik auf die Angaben der einzelnen Anlagen abgestellt werden muss. Mit Ausnahme von einigen Industrien, die klar definierte Abf\u00e4lle verwerten, lassen sich nur mittlere Heizwerte durch die Zur\u00fcckrechnung aus der erzeugten W\u00e4rme bestimmen.<\/p>\n<\/div>\n<\/div>\n<\/div>\n<\/div>\n<p><\/main><\/p>\n<section class=\"poweredby\">\n<div class=\"container\">\n<div class=\"row\">\n<div class=\"col-sm-10 col-sm-offset-1\">\n<ul class=\"powered-by\"><\/ul>\n<\/div>\n<\/div>\n<\/div>\n<\/section>\n<\/div>\n<\/div>\n<\/div>\n<\/div>\n<p><\/main><\/div>\n<p><!--more--><br \/>\n<!-- {\"type\":\"layout\",\"children\":[{\"type\":\"section\",\"props\":{\"animation\":\"fade\",\"image_position\":\"center-center\",\"padding\":\"large\",\"padding_remove_bottom\":false,\"style\":\"default\",\"title_breakpoint\":\"xl\",\"title_position\":\"top-left\",\"title_rotation\":\"left\",\"vertical_align\":\"\",\"width\":\"large\"},\"children\":[{\"type\":\"row\",\"props\":{\"column_gap\":\"large\",\"layout\":\"1-3,2-3\"},\"children\":[{\"type\":\"column\",\"props\":{\"image_position\":\"center-center\",\"position_sticky_breakpoint\":\"m\",\"width_medium\":\"1-3\",\"width_xlarge\":\"1-3\"},\"children\":[{\"type\":\"module\",\"props\":{\"menu_image_align\":\"center\",\"menu_image_margin\":true,\"menu_style\":\"primary\",\"menu_type\":\"nav\",\"position_left\":\"0\",\"type\":\"nav_menu\",\"widget\":\"nav_menu-2\"}}]},{\"type\":\"column\",\"props\":{\"image_position\":\"center-center\",\"position_sticky_breakpoint\":\"m\",\"width_medium\":\"2-3\",\"width_xlarge\":\"2-3\"},\"children\":[{\"type\":\"headline\",\"props\":{\"content\":\"M\\u00fcll und Industrieabf\\u00e4lle\",\"title_element\":\"h1\",\"title_style\":\"heading-small\"}},{\"type\":\"headline\",\"props\":{\"content\":\"Entwicklung\",\"title_element\":\"h2\",\"title_style\":\"h2\"}},{\"type\":\"text\",\"props\":{\"column_breakpoint\":\"m\",\"content\":\"\n\n<p>Die energetische Verwendung von Abf\\u00e4llen spielte seit jeher eine Rolle in der Energieversorgung, doch war sie vor allem auf den Eigenverbrauch beschr\\u00e4nkt. Einige der \\u00e4lteren Kehrichtverbrennungsanlagen waren allerdings mit Fernw\\u00e4rmenetzen verbunden, und in kleinerem Umfang wurde auch noch Elektrizit\\u00e4t hergestellt. M\\u00fcll wird normalerweise nur als Prim\\u00e4renergietr\\u00e4ger verwendet, um daraus Fernw\\u00e4rme oder Strom herzustellen, w\\u00e4hrend Industrieabf\\u00e4lle meist als Endenergietr\\u00e4ger dienen.<\\\/p>\\n\n\n<p>Von 1978-1980 war die so gewonnene Bruttoenergiemenge mit 8'400 TJ bzw. 10'100 TJ noch in der gleichen Gr\\u00f6ssenordnung wie etwa jene aus Holz, doch steigerte sie sich sehr rasch und war 1985 mit 20 390 TJ ann\\u00e4hernd doppelt so gross und damit klar zweitwichtigste einheimische Primarenergie. Die Steigerung ist zu einem grossen Teil auf den Ausbau von \\u00f6ffentlichen M\\u00fcllverbrennungsanlagen zur\\u00fcckzuf\\u00fchren, die in fr\\u00fcheren Jahren oftmals ohne Energienutzungsm\\u00f6glichkeit erstellt worden waren. Im Jahre 1985 wurde etwa die H\\u00e4lfte des anfallenden M\\u00fclls energetisch genutzt. Die Gewinnung von Endenergie aus Industrieabf\\u00e4llen stieg von 3'600 TJ im Jahre 1978 auf 6'400 TJ im Jahre 1985.<\\\/p>\",\"margin\":\"default\",\"maxwidth\":\"2xlarge\",\"maxwidth_breakpoint\":\"l\"}},{\"type\":\"divider\",\"props\":{\"divider_element\":\"hr\"}},{\"type\":\"headline\",\"props\":{\"content\":\"Statistische Methodik\",\"title_element\":\"h2\",\"title_style\":\"h2\"}},{\"type\":\"text\",\"props\":{\"column_breakpoint\":\"m\",\"content\":\"<main>\\n\n\n<div class=\\\"container\\\">\\n\n\n<div class=\\\"row\\\">\\n\n\n<div class=\\\"main-content col-md-8\\\">\\n\n\n<div class=\\\"templateContent\\\"><main>\\n\n\n<div class=\\\"container\\\">\\n\n\n<div class=\\\"row\\\">\\n\n\n<div class=\\\"main-content col-md-8\\\">\\n\n\n<div class=\\\"templateContent\\\">\\n\n\n<p>Statistiken \\u00fcber die energetische Verwendung von M\\u00fcll und Industrieabf\\u00e4llen wurden erst ab Mitte der 70er Jahre im Rahmen der Eidgen\\u00f6ssischen Kommission f\\u00fcr die Gesamtenergiekonzeption (GEK) erstellt, wobei einerseits vom Energiekonsumentenverband (EKV) bei der Industrie, anderseits direkt bei den \\u00f6ffentlichen Kehrichtverbrennungsanlagen durch eine Umfrage die gewonnene Energiemenge ermittelt wurde. Ab 1978 waren die Resultate so vollst\\u00e4ndig, dass sie publiziert werden konnten. Den gr\\u00f6ssten Anteil bei der Industrie lieferte die Chemie, mit Abstand gefolgt von der Papierindustrie. Die Abf\\u00e4lle bei der Holzverarbeitung werden als Holz erfasst. Der Heizwert von Abf\\u00e4llen und M\\u00fcll schwankt ausserordentlich stark, so dass die Statistik auf die Angaben der einzelnen Anlagen abgestellt werden muss. Mit Ausnahme von einigen Industrien, die klar definierte Abf\\u00e4lle verwerten, lassen sich nur mittlere Heizwerte durch die Zur\\u00fcckrechnung aus der erzeugten W\\u00e4rme bestimmen.<\\\/p>\\n<\\\/div>\\n<\\\/div>\\n<\\\/div>\\n<\\\/div>\\n<\\\/main>\\n\n\n<section class=\\\"poweredby\\\">\\n\n\n<div class=\\\"container\\\">\\n\n\n<div class=\\\"row\\\">\\n\n\n<div class=\\\"col-sm-10 col-sm-offset-1\\\">\\n\n\n<ul class=\\\"powered-by\\\"><\\\/ul>\\n<\\\/div>\\n<\\\/div>\\n<\\\/div>\\n<\\\/section>\\n<\\\/div>\\n<\\\/div>\\n<\\\/div>\\n<\\\/div>\\n<\\\/main>\",\"margin\":\"default\",\"maxwidth\":\"2xlarge\",\"maxwidth_breakpoint\":\"l\"}}]}]}],\"name\":\"WEC - Home Intro\"}],\"version\":\"4.5.28\"} --><\/p>\n","protected":false},"excerpt":{"rendered":"<p>M\u00fcll und Industrieabf\u00e4lle Entwicklung Die energetische Verwendung von Abf\u00e4llen spielte seit jeher eine Rolle in der Energieversorgung, doch war sie vor allem auf den Eigenverbrauch beschr\u00e4nkt. Einige der \u00e4lteren Kehrichtverbrennungsanlagen waren allerdings mit Fernw\u00e4rmenetzen verbunden, und in kleinerem Umfang wurde auch noch Elektrizit\u00e4t hergestellt. M\u00fcll wird normalerweise nur als Prim\u00e4renergietr\u00e4ger verwendet, um daraus Fernw\u00e4rme oder [&hellip;]<\/p>\n","protected":false},"author":1,"featured_media":0,"parent":3004,"menu_order":0,"comment_status":"closed","ping_status":"closed","template":"","meta":{"_acf_changed":false,"iawp_total_views":2,"footnotes":""},"class_list":["post-3069","page","type-page","status-publish","hentry"],"acf":[],"_links":{"self":[{"href":"https:\/\/www.worldenergy.ch\/it\/wp-json\/wp\/v2\/pages\/3069","targetHints":{"allow":["GET"]}}],"collection":[{"href":"https:\/\/www.worldenergy.ch\/it\/wp-json\/wp\/v2\/pages"}],"about":[{"href":"https:\/\/www.worldenergy.ch\/it\/wp-json\/wp\/v2\/types\/page"}],"author":[{"embeddable":true,"href":"https:\/\/www.worldenergy.ch\/it\/wp-json\/wp\/v2\/users\/1"}],"replies":[{"embeddable":true,"href":"https:\/\/www.worldenergy.ch\/it\/wp-json\/wp\/v2\/comments?post=3069"}],"version-history":[{"count":2,"href":"https:\/\/www.worldenergy.ch\/it\/wp-json\/wp\/v2\/pages\/3069\/revisions"}],"predecessor-version":[{"id":3084,"href":"https:\/\/www.worldenergy.ch\/it\/wp-json\/wp\/v2\/pages\/3069\/revisions\/3084"}],"up":[{"embeddable":true,"href":"https:\/\/www.worldenergy.ch\/it\/wp-json\/wp\/v2\/pages\/3004"}],"wp:attachment":[{"href":"https:\/\/www.worldenergy.ch\/it\/wp-json\/wp\/v2\/media?parent=3069"}],"curies":[{"name":"wp","href":"https:\/\/api.w.org\/{rel}","templated":true}]}}