{"id":3085,"date":"2025-09-30T09:51:40","date_gmt":"2025-09-30T07:51:40","guid":{"rendered":"https:\/\/www.worldenergy.ch\/?page_id=3085"},"modified":"2025-09-30T09:55:59","modified_gmt":"2025-09-30T07:55:59","slug":"uebrige-erneuerbare-energien","status":"publish","type":"page","link":"https:\/\/www.worldenergy.ch\/it\/publikationen\/wec-switzerland\/energiestatistik-schweiz-ab-1910\/energietraeger\/uebrige-erneuerbare-energien\/","title":{"rendered":"\u00dcbrige erneuerbare Energien"},"content":{"rendered":"<h1>\u00dcbrige erneuerbare Energien<\/h1>\n<div>\n<p>Seit 1990 werden die erneuerbaren Energien umfassend in der Gesamtenergiestatistik ausgewiesen und sind nun auch im Endverbrauch integriert. Nebst den traditionellen Energienutzungsformen von Holz-, erneuerbaren Abf\u00e4llen und Wasserkraft betrifft dies die Nutzung der verschiedenen Biogasformen, die Sonnenenergienutzung, die Elektrizit\u00e4tsproduktion mit Wind sowie die Umweltw\u00e4rmenutzung mit W\u00e4rmepumpen.<\/p>\n<p>Die Integration der erneuerbaren Energien findet \u00fcber eine separate Bilanz statt. F\u00fcr den Ausweis des Brutto- und Endverbrauchs aller erneuerbaren Energien m\u00fcssen dabei gewisse Annahmen getroffen werden. So wird z.B. bei den Sonnenkollektoren ein Wirkungsgrad von 40% angenommen. Dieses Vorgehen richtet sich nach dem gleichen Prinzip, wie bei den traditionellen Energietr\u00e4gern. Im Weiteren werden in dieser Bilanz ausschliesslich die erneuerbaren Anteile der Abfallnutzung, der Elektrizit\u00e4t und der Fernw\u00e4rme ausgewiesen.<\/p>\n<p>Sonnenenergie, Windenergie, Biogas und Umweltw\u00e4rmenutzung werden schliesslich zusammengefasst und als &#8220;\u00fcbrige erneuerbare Energien&#8221; in die traditionelle Energiebilanz integriert. Damit ist es m\u00f6glich, den erneuerbaren Endverbrauch direkt mit dem gesamten Endverbrauch zu vergleichen. Aufgrund der Vielzahl der getroffenen Annahmen ist ein Vergleich auf der Bruttoverbrauchsstufe weniger sinnvoll.<\/p>\n<ul><\/ul>\n<\/div>\n<ul>\n<li>\n<h3>Sonne<\/h3>\n<p><a href=\"\/publikationen\/wec-switzerland\/energiestatistik-schweiz-ab-1910\/energietraeger\/uebrige-erneuerbare-energien\/sonne\/\"><\/a><\/p>\n<\/li>\n<li>\n<h3>Wind<\/h3>\n<p><a href=\"\/publikationen\/wec-switzerland\/energiestatistik-schweiz-ab-1910\/energietraeger\/uebrige-erneuerbare-energien\/wind\/\"><\/a><\/p>\n<\/li>\n<li>\n<h3>Biogas<\/h3>\n<p><a href=\"\/publikationen\/wec-switzerland\/energiestatistik-schweiz-ab-1910\/energietraeger\/uebrige-erneuerbare-energien\/biogas\/\"><\/a><\/p>\n<\/li>\n<li>\n<h3>Umweltw\u00e4rme<\/h3>\n<p><a href=\"\/publikationen\/wec-switzerland\/energiestatistik-schweiz-ab-1910\/energietraeger\/uebrige-erneuerbare-energien\/umweltwaerme\/\"><\/a><\/p>\n<\/li>\n<\/ul>\n<p><!--more--><br \/>\n<!-- {\"type\":\"layout\",\"children\":[{\"type\":\"section\",\"props\":{\"animation\":\"fade\",\"image_position\":\"center-center\",\"padding\":\"large\",\"padding_remove_bottom\":false,\"style\":\"default\",\"title_breakpoint\":\"xl\",\"title_position\":\"top-left\",\"title_rotation\":\"left\",\"vertical_align\":\"\",\"width\":\"large\"},\"children\":[{\"type\":\"row\",\"props\":{\"column_gap\":\"large\",\"layout\":\"1-3,2-3\"},\"children\":[{\"type\":\"column\",\"props\":{\"image_position\":\"center-center\",\"position_sticky_breakpoint\":\"m\",\"width_medium\":\"1-3\",\"width_xlarge\":\"1-3\"},\"children\":[{\"type\":\"module\",\"props\":{\"menu_image_align\":\"center\",\"menu_image_margin\":true,\"menu_style\":\"primary\",\"menu_type\":\"nav\",\"position_left\":\"0\",\"type\":\"nav_menu\",\"widget\":\"nav_menu-2\"}}]},{\"type\":\"column\",\"props\":{\"image_position\":\"center-center\",\"position_sticky_breakpoint\":\"m\",\"width_medium\":\"2-3\",\"width_xlarge\":\"2-3\"},\"children\":[{\"type\":\"headline\",\"props\":{\"content\":\"\\u00dcbrige erneuerbare Energien\",\"title_element\":\"h1\",\"title_style\":\"heading-small\"}},{\"type\":\"text\",\"props\":{\"column_breakpoint\":\"m\",\"content\":\"\n\n<p>Seit 1990 werden die erneuerbaren Energien umfassend in der Gesamtenergiestatistik ausgewiesen und sind nun auch im Endverbrauch integriert. Nebst den traditionellen Energienutzungsformen von Holz-, erneuerbaren Abf\\u00e4llen und Wasserkraft betrifft dies die Nutzung der verschiedenen Biogasformen, die Sonnenenergienutzung, die Elektrizit\\u00e4tsproduktion mit Wind sowie die Umweltw\\u00e4rmenutzung mit W\\u00e4rmepumpen.<\\\/p>\\n\n\n<p>Die Integration der erneuerbaren Energien findet \\u00fcber eine separate Bilanz statt. F\\u00fcr den Ausweis des Brutto- und Endverbrauchs aller erneuerbaren Energien m\\u00fcssen dabei gewisse Annahmen getroffen werden. So wird z.B. bei den Sonnenkollektoren ein Wirkungsgrad von 40% angenommen. Dieses Vorgehen richtet sich nach dem gleichen Prinzip, wie bei den traditionellen Energietr\\u00e4gern. Im Weiteren werden in dieser Bilanz ausschliesslich die erneuerbaren Anteile der Abfallnutzung, der Elektrizit\\u00e4t und der Fernw\\u00e4rme ausgewiesen.<\\\/p>\\n\n\n<p>Sonnenenergie, Windenergie, Biogas und Umweltw\\u00e4rmenutzung werden schliesslich zusammengefasst und als \\\"\\u00fcbrige erneuerbare Energien\\\" in die traditionelle Energiebilanz integriert. Damit ist es m\\u00f6glich, den erneuerbaren Endverbrauch direkt mit dem gesamten Endverbrauch zu vergleichen. Aufgrund der Vielzahl der getroffenen Annahmen ist ein Vergleich auf der Bruttoverbrauchsstufe weniger sinnvoll.<\\\/p>\\n\n\n<ul><\\\/ul>\",\"margin\":\"default\",\"maxwidth\":\"2xlarge\",\"maxwidth_breakpoint\":\"l\"}},{\"type\":\"grid\",\"props\":{\"content_column_breakpoint\":\"m\",\"filter_align\":\"left\",\"filter_all\":true,\"filter_grid_breakpoint\":\"m\",\"filter_grid_width\":\"auto\",\"filter_position\":\"top\",\"filter_style\":\"tab\",\"grid_column_gap\":\"small\",\"grid_default\":\"1\",\"grid_medium\":\"\",\"grid_row_gap\":\"small\",\"grid_small\":\"2\",\"icon_width\":80,\"image_align\":\"top\",\"image_grid_breakpoint\":\"m\",\"image_grid_width\":\"1-2\",\"image_link\":true,\"image_svg_color\":\"emphasis\",\"image_transition\":\"scale-down\",\"item_animation\":true,\"lightbox_bg_close\":true,\"link_style\":\"default\",\"link_text\":\"\",\"margin\":\"remove-vertical\",\"meta_align\":\"above-title\",\"meta_color\":\"primary\",\"meta_element\":\"div\",\"meta_style\":\"h6\",\"panel_image_no_padding\":false,\"panel_link\":true,\"panel_padding\":\"default\",\"panel_style\":\"card-default\",\"parallax_easing\":\"1\",\"show_content\":true,\"show_hover_image\":true,\"show_hover_video\":true,\"show_image\":true,\"show_link\":true,\"show_meta\":true,\"show_title\":true,\"show_video\":true,\"title_align\":\"top\",\"title_element\":\"h3\",\"title_grid_breakpoint\":\"m\",\"title_grid_width\":\"1-2\",\"title_hover_style\":\"reset\",\"title_link\":true,\"title_style\":\"h3\"},\"children\":[{\"type\":\"grid_item\",\"props\":{\"content\":\"\",\"image\":\"\",\"item_element\":\"article\",\"link\":\"publikationen\\\/wec-switzerland\\\/energiestatistik-schweiz-ab-1910\\\/energietraeger\\\/uebrige-erneuerbare-energien\\\/sonne\\\/\",\"meta\":\"\",\"title\":\"Sonne\"}},{\"type\":\"grid_item\",\"props\":{\"content\":\"\",\"image\":\"\",\"item_element\":\"article\",\"link\":\"publikationen\\\/wec-switzerland\\\/energiestatistik-schweiz-ab-1910\\\/energietraeger\\\/uebrige-erneuerbare-energien\\\/wind\\\/\",\"meta\":\"\",\"title\":\"Wind\"}},{\"type\":\"grid_item\",\"props\":{\"content\":\"\",\"image\":\"\",\"item_element\":\"article\",\"link\":\"publikationen\\\/wec-switzerland\\\/energiestatistik-schweiz-ab-1910\\\/energietraeger\\\/uebrige-erneuerbare-energien\\\/biogas\\\/\",\"meta\":\"\",\"title\":\"Biogas\"}},{\"type\":\"grid_item\",\"props\":{\"content\":\"\",\"image\":\"\",\"item_element\":\"article\",\"link\":\"publikationen\\\/wec-switzerland\\\/energiestatistik-schweiz-ab-1910\\\/energietraeger\\\/uebrige-erneuerbare-energien\\\/umweltwaerme\\\/\",\"meta\":\"\",\"title\":\"Umweltw\\u00e4rme\"}}],\"name\":\"WEC - Grid Subnavigationen\"}]}]}],\"name\":\"WEC - Home Intro\"}],\"version\":\"4.5.28\"} --><\/p>\n","protected":false},"excerpt":{"rendered":"<p>\u00dcbrige erneuerbare Energien Seit 1990 werden die erneuerbaren Energien umfassend in der Gesamtenergiestatistik ausgewiesen und sind nun auch im Endverbrauch integriert. Nebst den traditionellen Energienutzungsformen von Holz-, erneuerbaren Abf\u00e4llen und Wasserkraft betrifft dies die Nutzung der verschiedenen Biogasformen, die Sonnenenergienutzung, die Elektrizit\u00e4tsproduktion mit Wind sowie die Umweltw\u00e4rmenutzung mit W\u00e4rmepumpen. Die Integration der erneuerbaren Energien findet [&hellip;]<\/p>\n","protected":false},"author":1,"featured_media":0,"parent":3004,"menu_order":0,"comment_status":"closed","ping_status":"closed","template":"","meta":{"_acf_changed":false,"iawp_total_views":2,"footnotes":""},"class_list":["post-3085","page","type-page","status-publish","hentry"],"acf":[],"_links":{"self":[{"href":"https:\/\/www.worldenergy.ch\/it\/wp-json\/wp\/v2\/pages\/3085","targetHints":{"allow":["GET"]}}],"collection":[{"href":"https:\/\/www.worldenergy.ch\/it\/wp-json\/wp\/v2\/pages"}],"about":[{"href":"https:\/\/www.worldenergy.ch\/it\/wp-json\/wp\/v2\/types\/page"}],"author":[{"embeddable":true,"href":"https:\/\/www.worldenergy.ch\/it\/wp-json\/wp\/v2\/users\/1"}],"replies":[{"embeddable":true,"href":"https:\/\/www.worldenergy.ch\/it\/wp-json\/wp\/v2\/comments?post=3085"}],"version-history":[{"count":3,"href":"https:\/\/www.worldenergy.ch\/it\/wp-json\/wp\/v2\/pages\/3085\/revisions"}],"predecessor-version":[{"id":3101,"href":"https:\/\/www.worldenergy.ch\/it\/wp-json\/wp\/v2\/pages\/3085\/revisions\/3101"}],"up":[{"embeddable":true,"href":"https:\/\/www.worldenergy.ch\/it\/wp-json\/wp\/v2\/pages\/3004"}],"wp:attachment":[{"href":"https:\/\/www.worldenergy.ch\/it\/wp-json\/wp\/v2\/media?parent=3085"}],"curies":[{"name":"wp","href":"https:\/\/api.w.org\/{rel}","templated":true}]}}