{"id":3087,"date":"2025-09-30T09:51:53","date_gmt":"2025-09-30T07:51:53","guid":{"rendered":"https:\/\/www.worldenergy.ch\/?page_id=3087"},"modified":"2025-09-30T09:56:33","modified_gmt":"2025-09-30T07:56:33","slug":"sonne","status":"publish","type":"page","link":"https:\/\/www.worldenergy.ch\/it\/publikationen\/wec-switzerland\/energiestatistik-schweiz-ab-1910\/energietraeger\/uebrige-erneuerbare-energien\/sonne\/","title":{"rendered":"Sonne"},"content":{"rendered":"<h1>Sonne<\/h1>\n<h2>Entwicklung<\/h2>\n<div>\n<p>Die Warmwassererzeugung mittels Sonnenkollektoren wird in Wohnh\u00e4usern bzw. Dienstleistungsgeb\u00e4uden (R\u00f6hren- und Flachkollektoren) und in Hallen- und Freib\u00e4dern (unverglaste Kollektoren) angewandt. Sie erfreut sich zusammen mit der Heutrocknung mittels Sonnenkollektoren wachsender Beliebtheit.<\/p>\n<p>Mit der Photovoltaik wird das Sonnenlicht mittels Solarzellen direkt in Elektrizit\u00e4t umgewandelt. In den letzten Jahren haben verschiedene Elektrizit\u00e4tswerke begonnen, der grossen Nachfrage nach Solarstrom mit Solarstromb\u00f6rsen zu begegnen. Zus\u00e4tzlich hat auch das Investitionsprogramm des Bundes eine verst\u00e4rkte Anwendung dieser Technologie gef\u00f6rdert. In abgelegenen, nicht mit Elektrizit\u00e4t versorgten Gebieten wird die Photovoltaik vergleichsweise kosteng\u00fcnstig genutzt.<\/p>\n<\/div>\n<hr>\n<h2>Statistische Methodik<\/h2>\n<div><main><\/p>\n<div class=\"container\">\n<div class=\"row\">\n<div class=\"main-content col-md-8\">\n<div class=\"templateContent\"><main><\/p>\n<div class=\"container\">\n<div class=\"row\">\n<div class=\"main-content col-md-8\">\n<div class=\"templateContent\">\n<p>Seit 1984 erhebt der Sonnenenergiefachverband Schweiz (SOFAS) Daten zu den Verk\u00e4ufen von Sonnenkollektoren und Photovolatikmodulen in der Schweiz (SOFAS Markterhebung). Gewonnen werden diese Daten mit einer j\u00e4hrlichen Erhebung bei Firmen, die Solarmodule herstellen oder direkt importieren. Aus den verkauften Anlagen berechnet der SOFAS zudem die Leistung der erstellten photovoltaischen Solaranlagen und thermischen Kollektoren. Mit dieser Methode k\u00f6nnen sowohl Netzverbund-, wie auch Inselanlagen ber\u00fccksichtigt werden.<\/p>\n<p>Gegen\u00fcber der j\u00e4hrlichen SOFAS Markterhebung, ist die monatliche Statistik des Verbandes Schweizerischer Elektrizit\u00e4tsunternehmen (VSE) eine reine Energieproduktionsstatistik der Netzverbundanlagen, welche ihre Zahlen dem VSE rapportieren. Es handelt sich um Daten \u00fcber Leistung und Produktion von Photovoltaikanlagen, die direkt bei Anlagebesitzern erhoben werden.<\/p>\n<\/div>\n<\/div>\n<\/div>\n<\/div>\n<p><\/main><\/p>\n<section class=\"poweredby\">\n<div class=\"container\">\n<div class=\"row\">\n<div class=\"col-sm-10 col-sm-offset-1\">\n<ul class=\"powered-by\"><\/ul>\n<\/div>\n<\/div>\n<\/div>\n<\/section>\n<\/div>\n<\/div>\n<\/div>\n<\/div>\n<p><\/main><\/div>\n<p><!--more--><br \/>\n<!-- {\"type\":\"layout\",\"children\":[{\"type\":\"section\",\"props\":{\"animation\":\"fade\",\"image_position\":\"center-center\",\"padding\":\"large\",\"padding_remove_bottom\":false,\"style\":\"default\",\"title_breakpoint\":\"xl\",\"title_position\":\"top-left\",\"title_rotation\":\"left\",\"vertical_align\":\"\",\"width\":\"large\"},\"children\":[{\"type\":\"row\",\"props\":{\"column_gap\":\"large\",\"layout\":\"1-3,2-3\"},\"children\":[{\"type\":\"column\",\"props\":{\"image_position\":\"center-center\",\"position_sticky_breakpoint\":\"m\",\"width_medium\":\"1-3\",\"width_xlarge\":\"1-3\"},\"children\":[{\"type\":\"module\",\"props\":{\"menu_image_align\":\"center\",\"menu_image_margin\":true,\"menu_style\":\"primary\",\"menu_type\":\"nav\",\"position_left\":\"0\",\"type\":\"nav_menu\",\"widget\":\"nav_menu-2\"}}]},{\"type\":\"column\",\"props\":{\"image_position\":\"center-center\",\"position_sticky_breakpoint\":\"m\",\"width_medium\":\"2-3\",\"width_xlarge\":\"2-3\"},\"children\":[{\"type\":\"headline\",\"props\":{\"content\":\"Sonne\",\"title_element\":\"h1\",\"title_style\":\"heading-small\"}},{\"type\":\"headline\",\"props\":{\"content\":\"Entwicklung\",\"title_element\":\"h2\",\"title_style\":\"h2\"}},{\"type\":\"text\",\"props\":{\"column_breakpoint\":\"m\",\"content\":\"\n\n<p>Die Warmwassererzeugung mittels Sonnenkollektoren wird in Wohnh\\u00e4usern bzw. Dienstleistungsgeb\\u00e4uden (R\\u00f6hren- und Flachkollektoren) und in Hallen- und Freib\\u00e4dern (unverglaste Kollektoren) angewandt. Sie erfreut sich zusammen mit der Heutrocknung mittels Sonnenkollektoren wachsender Beliebtheit.<\\\/p>\\n\n\n<p>Mit der Photovoltaik wird das Sonnenlicht mittels Solarzellen direkt in Elektrizit\\u00e4t umgewandelt. In den letzten Jahren haben verschiedene Elektrizit\\u00e4tswerke begonnen, der grossen Nachfrage nach Solarstrom mit Solarstromb\\u00f6rsen zu begegnen. Zus\\u00e4tzlich hat auch das Investitionsprogramm des Bundes eine verst\\u00e4rkte Anwendung dieser Technologie gef\\u00f6rdert. In abgelegenen, nicht mit Elektrizit\\u00e4t versorgten Gebieten wird die Photovoltaik vergleichsweise kosteng\\u00fcnstig genutzt.<\\\/p>\",\"margin\":\"default\",\"maxwidth\":\"2xlarge\",\"maxwidth_breakpoint\":\"l\"}},{\"type\":\"divider\",\"props\":{\"divider_element\":\"hr\"}},{\"type\":\"headline\",\"props\":{\"content\":\"Statistische Methodik\",\"title_element\":\"h2\",\"title_style\":\"h2\"}},{\"type\":\"text\",\"props\":{\"column_breakpoint\":\"m\",\"content\":\"<main>\\n\n\n<div class=\\\"container\\\">\\n\n\n<div class=\\\"row\\\">\\n\n\n<div class=\\\"main-content col-md-8\\\">\\n\n\n<div class=\\\"templateContent\\\"><main>\\n\n\n<div class=\\\"container\\\">\\n\n\n<div class=\\\"row\\\">\\n\n\n<div class=\\\"main-content col-md-8\\\">\\n\n\n<div class=\\\"templateContent\\\">\\n\n\n<p>Seit 1984 erhebt der Sonnenenergiefachverband Schweiz (SOFAS) Daten zu den Verk\\u00e4ufen von Sonnenkollektoren und Photovolatikmodulen in der Schweiz (SOFAS Markterhebung). Gewonnen werden diese Daten mit einer j\\u00e4hrlichen Erhebung bei Firmen, die Solarmodule herstellen oder direkt importieren. Aus den verkauften Anlagen berechnet der SOFAS zudem die Leistung der erstellten photovoltaischen Solaranlagen und thermischen Kollektoren. Mit dieser Methode k\\u00f6nnen sowohl Netzverbund-, wie auch Inselanlagen ber\\u00fccksichtigt werden.<\\\/p>\\n\n\n<p>Gegen\\u00fcber der j\\u00e4hrlichen SOFAS Markterhebung, ist die monatliche Statistik des Verbandes Schweizerischer Elektrizit\\u00e4tsunternehmen (VSE) eine reine Energieproduktionsstatistik der Netzverbundanlagen, welche ihre Zahlen dem VSE rapportieren. Es handelt sich um Daten \\u00fcber Leistung und Produktion von Photovoltaikanlagen, die direkt bei Anlagebesitzern erhoben werden.<\\\/p>\\n<\\\/div>\\n<\\\/div>\\n<\\\/div>\\n<\\\/div>\\n<\\\/main>\\n\n\n<section class=\\\"poweredby\\\">\\n\n\n<div class=\\\"container\\\">\\n\n\n<div class=\\\"row\\\">\\n\n\n<div class=\\\"col-sm-10 col-sm-offset-1\\\">\\n\n\n<ul class=\\\"powered-by\\\"><\\\/ul>\\n<\\\/div>\\n<\\\/div>\\n<\\\/div>\\n<\\\/section>\\n<\\\/div>\\n<\\\/div>\\n<\\\/div>\\n<\\\/div>\\n<\\\/main>\",\"margin\":\"default\",\"maxwidth\":\"2xlarge\",\"maxwidth_breakpoint\":\"l\"}}]}]}],\"name\":\"WEC - Home Intro\"}],\"version\":\"4.5.28\"} --><\/p>\n","protected":false},"excerpt":{"rendered":"<p>Sonne Entwicklung Die Warmwassererzeugung mittels Sonnenkollektoren wird in Wohnh\u00e4usern bzw. Dienstleistungsgeb\u00e4uden (R\u00f6hren- und Flachkollektoren) und in Hallen- und Freib\u00e4dern (unverglaste Kollektoren) angewandt. Sie erfreut sich zusammen mit der Heutrocknung mittels Sonnenkollektoren wachsender Beliebtheit. Mit der Photovoltaik wird das Sonnenlicht mittels Solarzellen direkt in Elektrizit\u00e4t umgewandelt. In den letzten Jahren haben verschiedene Elektrizit\u00e4tswerke begonnen, der grossen [&hellip;]<\/p>\n","protected":false},"author":1,"featured_media":0,"parent":3085,"menu_order":0,"comment_status":"closed","ping_status":"closed","template":"","meta":{"_acf_changed":false,"iawp_total_views":7,"footnotes":""},"class_list":["post-3087","page","type-page","status-publish","hentry"],"acf":[],"_links":{"self":[{"href":"https:\/\/www.worldenergy.ch\/it\/wp-json\/wp\/v2\/pages\/3087","targetHints":{"allow":["GET"]}}],"collection":[{"href":"https:\/\/www.worldenergy.ch\/it\/wp-json\/wp\/v2\/pages"}],"about":[{"href":"https:\/\/www.worldenergy.ch\/it\/wp-json\/wp\/v2\/types\/page"}],"author":[{"embeddable":true,"href":"https:\/\/www.worldenergy.ch\/it\/wp-json\/wp\/v2\/users\/1"}],"replies":[{"embeddable":true,"href":"https:\/\/www.worldenergy.ch\/it\/wp-json\/wp\/v2\/comments?post=3087"}],"version-history":[{"count":2,"href":"https:\/\/www.worldenergy.ch\/it\/wp-json\/wp\/v2\/pages\/3087\/revisions"}],"predecessor-version":[{"id":3102,"href":"https:\/\/www.worldenergy.ch\/it\/wp-json\/wp\/v2\/pages\/3087\/revisions\/3102"}],"up":[{"embeddable":true,"href":"https:\/\/www.worldenergy.ch\/it\/wp-json\/wp\/v2\/pages\/3085"}],"wp:attachment":[{"href":"https:\/\/www.worldenergy.ch\/it\/wp-json\/wp\/v2\/media?parent=3087"}],"curies":[{"name":"wp","href":"https:\/\/api.w.org\/{rel}","templated":true}]}}