{"id":3093,"date":"2025-09-30T09:52:39","date_gmt":"2025-09-30T07:52:39","guid":{"rendered":"https:\/\/www.worldenergy.ch\/?page_id=3093"},"modified":"2025-09-30T10:01:58","modified_gmt":"2025-09-30T08:01:58","slug":"umweltwaerme","status":"publish","type":"page","link":"https:\/\/www.worldenergy.ch\/it\/publikationen\/wec-switzerland\/energiestatistik-schweiz-ab-1910\/energietraeger\/uebrige-erneuerbare-energien\/umweltwaerme\/","title":{"rendered":"Umweltw\u00e4rme"},"content":{"rendered":"<h1>Umweltw\u00e4rme<\/h1>\n<h2>Entwicklung<\/h2>\n<div>\n<p>W\u00e4rmepumpen erleben in den letzten Jahren einen veritablen Boom. Die Technik der Umweltw\u00e4rmenutzung aus Luft, Oberfl\u00e4chenwasser, Grundwasser oder Erdw\u00e4rme verbunden mit elektrischem Antrieb hat mittlerweile einen respektablen Anteil bei der Neuinstallation von Heizungen erreicht.<\/p>\n<\/div>\n<hr>\n<h2>Statistische Methodik<\/h2>\n<div><main><\/p>\n<div class=\"container\">\n<div class=\"row\">\n<div class=\"main-content col-md-8\">\n<div class=\"templateContent\"><main><\/p>\n<div class=\"container\">\n<div class=\"row\">\n<div class=\"main-content col-md-8\">\n<div class=\"templateContent\">\n<p>Der Bestand der Anlagen wird von der Arbeitsgemeinschaft W\u00e4rmepumpen (AWP) aufgrund der Verk\u00e4ufe und der gesch\u00e4tzten Stillegungen ermittelt und die Energieproduktion modellhaft hochgerechnet. Gegenw\u00e4rtig wird eine verbesserte W\u00e4rmepumpenstatistik erarbeitet.<\/p>\n<\/div>\n<\/div>\n<\/div>\n<\/div>\n<p><\/main><\/p>\n<section class=\"poweredby\">\n<div class=\"container\">\n<div class=\"row\">\n<div class=\"col-sm-10 col-sm-offset-1\">\n<ul class=\"powered-by\"><\/ul>\n<\/div>\n<\/div>\n<\/div>\n<\/section>\n<\/div>\n<\/div>\n<\/div>\n<\/div>\n<p><\/main><\/div>\n<p><!--more--><br \/>\n<!-- {\"type\":\"layout\",\"children\":[{\"type\":\"section\",\"props\":{\"animation\":\"fade\",\"image_position\":\"center-center\",\"padding\":\"large\",\"padding_remove_bottom\":false,\"style\":\"default\",\"title_breakpoint\":\"xl\",\"title_position\":\"top-left\",\"title_rotation\":\"left\",\"vertical_align\":\"\",\"width\":\"large\"},\"children\":[{\"type\":\"row\",\"props\":{\"column_gap\":\"large\",\"layout\":\"1-3,2-3\"},\"children\":[{\"type\":\"column\",\"props\":{\"image_position\":\"center-center\",\"position_sticky_breakpoint\":\"m\",\"width_medium\":\"1-3\",\"width_xlarge\":\"1-3\"},\"children\":[{\"type\":\"module\",\"props\":{\"menu_image_align\":\"center\",\"menu_image_margin\":true,\"menu_style\":\"primary\",\"menu_type\":\"nav\",\"position_left\":\"0\",\"type\":\"nav_menu\",\"widget\":\"nav_menu-2\"}}]},{\"type\":\"column\",\"props\":{\"image_position\":\"center-center\",\"position_sticky_breakpoint\":\"m\",\"width_medium\":\"2-3\",\"width_xlarge\":\"2-3\"},\"children\":[{\"type\":\"headline\",\"props\":{\"content\":\"Umweltw\\u00e4rme\",\"title_element\":\"h1\",\"title_style\":\"heading-small\"}},{\"type\":\"headline\",\"props\":{\"content\":\"Entwicklung\",\"title_element\":\"h2\",\"title_style\":\"h2\"}},{\"type\":\"text\",\"props\":{\"column_breakpoint\":\"m\",\"content\":\"\n\n<p>W\\u00e4rmepumpen erleben in den letzten Jahren einen veritablen Boom. Die Technik der Umweltw\\u00e4rmenutzung aus Luft, Oberfl\\u00e4chenwasser, Grundwasser oder Erdw\\u00e4rme verbunden mit elektrischem Antrieb hat mittlerweile einen respektablen Anteil bei der Neuinstallation von Heizungen erreicht.<\\\/p>\",\"margin\":\"default\",\"maxwidth\":\"2xlarge\",\"maxwidth_breakpoint\":\"l\"}},{\"type\":\"divider\",\"props\":{\"divider_element\":\"hr\"}},{\"type\":\"headline\",\"props\":{\"content\":\"Statistische Methodik\",\"title_element\":\"h2\",\"title_style\":\"h2\"}},{\"type\":\"text\",\"props\":{\"column_breakpoint\":\"m\",\"content\":\"<main>\\n\n\n<div class=\\\"container\\\">\\n\n\n<div class=\\\"row\\\">\\n\n\n<div class=\\\"main-content col-md-8\\\">\\n\n\n<div class=\\\"templateContent\\\"><main>\\n\n\n<div class=\\\"container\\\">\\n\n\n<div class=\\\"row\\\">\\n\n\n<div class=\\\"main-content col-md-8\\\">\\n\n\n<div class=\\\"templateContent\\\">\\n\n\n<p>Der Bestand der Anlagen wird von der Arbeitsgemeinschaft W\\u00e4rmepumpen (AWP) aufgrund der Verk\\u00e4ufe und der gesch\\u00e4tzten Stillegungen ermittelt und die Energieproduktion modellhaft hochgerechnet. Gegenw\\u00e4rtig wird eine verbesserte W\\u00e4rmepumpenstatistik erarbeitet.<\\\/p>\\n<\\\/div>\\n<\\\/div>\\n<\\\/div>\\n<\\\/div>\\n<\\\/main>\\n\n\n<section class=\\\"poweredby\\\">\\n\n\n<div class=\\\"container\\\">\\n\n\n<div class=\\\"row\\\">\\n\n\n<div class=\\\"col-sm-10 col-sm-offset-1\\\">\\n\n\n<ul class=\\\"powered-by\\\"><\\\/ul>\\n<\\\/div>\\n<\\\/div>\\n<\\\/div>\\n<\\\/section>\\n<\\\/div>\\n<\\\/div>\\n<\\\/div>\\n<\\\/div>\\n<\\\/main>\",\"margin\":\"default\",\"maxwidth\":\"2xlarge\",\"maxwidth_breakpoint\":\"l\"}}]}]}],\"name\":\"WEC - Home Intro\"}],\"version\":\"4.5.28\"} --><\/p>\n","protected":false},"excerpt":{"rendered":"<p>Umweltw\u00e4rme Entwicklung W\u00e4rmepumpen erleben in den letzten Jahren einen veritablen Boom. Die Technik der Umweltw\u00e4rmenutzung aus Luft, Oberfl\u00e4chenwasser, Grundwasser oder Erdw\u00e4rme verbunden mit elektrischem Antrieb hat mittlerweile einen respektablen Anteil bei der Neuinstallation von Heizungen erreicht. Statistische Methodik Der Bestand der Anlagen wird von der Arbeitsgemeinschaft W\u00e4rmepumpen (AWP) aufgrund der Verk\u00e4ufe und der gesch\u00e4tzten Stillegungen [&hellip;]<\/p>\n","protected":false},"author":1,"featured_media":0,"parent":3085,"menu_order":0,"comment_status":"closed","ping_status":"closed","template":"","meta":{"_acf_changed":false,"iawp_total_views":1,"footnotes":""},"class_list":["post-3093","page","type-page","status-publish","hentry"],"acf":[],"_links":{"self":[{"href":"https:\/\/www.worldenergy.ch\/it\/wp-json\/wp\/v2\/pages\/3093","targetHints":{"allow":["GET"]}}],"collection":[{"href":"https:\/\/www.worldenergy.ch\/it\/wp-json\/wp\/v2\/pages"}],"about":[{"href":"https:\/\/www.worldenergy.ch\/it\/wp-json\/wp\/v2\/types\/page"}],"author":[{"embeddable":true,"href":"https:\/\/www.worldenergy.ch\/it\/wp-json\/wp\/v2\/users\/1"}],"replies":[{"embeddable":true,"href":"https:\/\/www.worldenergy.ch\/it\/wp-json\/wp\/v2\/comments?post=3093"}],"version-history":[{"count":2,"href":"https:\/\/www.worldenergy.ch\/it\/wp-json\/wp\/v2\/pages\/3093\/revisions"}],"predecessor-version":[{"id":3105,"href":"https:\/\/www.worldenergy.ch\/it\/wp-json\/wp\/v2\/pages\/3093\/revisions\/3105"}],"up":[{"embeddable":true,"href":"https:\/\/www.worldenergy.ch\/it\/wp-json\/wp\/v2\/pages\/3085"}],"wp:attachment":[{"href":"https:\/\/www.worldenergy.ch\/it\/wp-json\/wp\/v2\/media?parent=3093"}],"curies":[{"name":"wp","href":"https:\/\/api.w.org\/{rel}","templated":true}]}}